{"id":902,"date":"2019-01-22T15:01:04","date_gmt":"2019-01-22T14:01:04","guid":{"rendered":"http:\/\/emediji.inspirium.hr\/?page_id=902"},"modified":"2019-01-22T15:01:05","modified_gmt":"2019-01-22T14:01:05","slug":"anita-malenica","status":"publish","type":"page","link":"https:\/\/aem.hr\/en\/anita-malenica\/","title":{"rendered":"Anita Malenica, \u010dlanica"},"content":{"rendered":"\n<p>Anita Malenica \u0161kolovala se u Imotskom i Zagrebu, diplomirala na Fakultetu politi\u010dkih znanosti 1991.godine. Kao novinarka i voditeljica radila je na radio Samoboru. Najve\u0107i dio svog profesionalnog rada provela je u redakciji unutarnje politike u Slobodnoj Dalmaciji, od 1994. do 2006. godine. Izvje\u0161tavala je s brojnih me\u0111unarodnih i doma\u0107ih skupova i doga\u0111aja, bila najmla\u0111a izvjestiteljica iz Ureda predsjednika, izvje\u0161tavala iz Sabora i Vlade te bila komentatorica. U Ve\u010dernjem listu radila je od 2006. godine do 2011. g kao izvjestiteljica, komentatorica, blogerica te autorica putopisa \u201eS Anitom po Hrvatskoj\u201c. Pola godine bila je urednica i voditeljica emisije \u201eO\u010di u o\u010di\u201c na TV Mre\u017ei. Osnovala je produkciju \u201eAlpha info\u201c u rujnu 2013. godine u okviru koje je  proizvodila emisije za Z1 televiziju. Bila je urednica i voditeljica emisije \u201eS Anitom aktualno\u201c. Tijekom svoje karijere bila je gost predava\u010d na Visokoj poslovnoj \u0161koli Zagreb te Hrvatskim studijima na kolegijima vezanima za novinarstvo.Vodila je i tribine u Kulturno informativnom centru u Zagrebu. Utemeljiteljica je Instituta Vlado Gotovac te autorica projekta i scenarija filma \u201ePut dobrote \u2013 fra Miro Babi\u0107 me\u0111u Kenijcima\u201c. Vi\u0161e od 20 godina bavi se humanitarnim radom u Hrvatskoj i Keniji. Odlukom Hrvatskog sabora, 14.srpnja 2017.godine izabrana je za \u010dlanicu Vije\u0107a za elektroni\u010dke medije.<\/p>\n","protected":false},"excerpt":{"rendered":"<p>Anita Malenica \u0161kolovala se u Imotskom i Zagrebu, diplomirala na Fakultetu politi\u010dkih znanosti 1991.godine. Kao novinarka i voditeljica radila je na radio Samoboru. Najve\u0107i dio svog profesionalnog rada provela je u redakciji unutarnje politike u Slobodnoj Dalmaciji, od 1994. do 2006. godine. Izvje\u0161tavala je s brojnih me\u0111unarodnih i doma\u0107ih skupova i doga\u0111aja, bila najmla\u0111a izvjestiteljica [&hellip;]<\/p>\n","protected":false},"author":18,"featured_media":0,"parent":0,"menu_order":0,"comment_status":"closed","ping_status":"closed","template":"","meta":{"_acf_changed":false,"inline_featured_image":false,"advgb_blocks_editor_width":"","advgb_blocks_columns_visual_guide":"","_links_to":"","_links_to_type":0,"footnotes":""},"class_list":["post-902","page","type-page","status-publish","hentry"],"acf":[],"yoast_head":"<!-- This site is optimized with the Yoast SEO plugin v25.7 - https:\/\/yoast.com\/wordpress\/plugins\/seo\/ -->\n<title>Anita Malenica, \u010dlanica - Agencija za elektroni\u010dke medije<\/title>\n<meta name=\"robots\" content=\"index, follow, max-snippet:-1, max-image-preview:large, max-video-preview:-1\" \/>\n<link rel=\"canonical\" href=\"https:\/\/aem.hr\/anita-malenica\/\" \/>\n<meta property=\"og:locale\" content=\"en_US\" \/>\n<meta property=\"og:type\" content=\"article\" \/>\n<meta property=\"og:title\" content=\"Anita Malenica, \u010dlanica - Agencija za elektroni\u010dke medije\" \/>\n<meta property=\"og:description\" content=\"Anita Malenica \u0161kolovala se u Imotskom i Zagrebu, diplomirala na Fakultetu politi\u010dkih znanosti 1991.godine. Kao novinarka i voditeljica radila je na radio Samoboru. Najve\u0107i dio svog profesionalnog rada provela je u redakciji unutarnje politike u Slobodnoj Dalmaciji, od 1994. do 2006. godine. Izvje\u0161tavala je s brojnih me\u0111unarodnih i doma\u0107ih skupova i doga\u0111aja, bila najmla\u0111a izvjestiteljica [&hellip;]\" \/>\n<meta property=\"og:url\" content=\"https:\/\/aem.hr\/anita-malenica\/\" \/>\n<meta property=\"og:site_name\" content=\"Agencija za elektroni\u010dke medije\" \/>\n<meta property=\"article:modified_time\" content=\"2019-01-22T14:01:05+00:00\" \/>\n<meta name=\"twitter:card\" content=\"summary_large_image\" \/>\n<meta name=\"twitter:label1\" content=\"Est. reading time\" \/>\n\t<meta name=\"twitter:data1\" content=\"1 minute\" \/>\n<script type=\"application\/ld+json\" class=\"yoast-schema-graph\">{\"@context\":\"https:\/\/schema.org\",\"@graph\":[{\"@type\":\"WebPage\",\"@id\":\"https:\/\/aem.hr\/anita-malenica\/\",\"url\":\"https:\/\/aem.hr\/anita-malenica\/\",\"name\":\"Anita Malenica, \u010dlanica - Agencija za elektroni\u010dke medije\",\"isPartOf\":{\"@id\":\"https:\/\/aem.hr\/#website\"},\"datePublished\":\"2019-01-22T14:01:04+00:00\",\"dateModified\":\"2019-01-22T14:01:05+00:00\",\"breadcrumb\":{\"@id\":\"https:\/\/aem.hr\/anita-malenica\/#breadcrumb\"},\"inLanguage\":\"en-US\",\"potentialAction\":[{\"@type\":\"ReadAction\",\"target\":[\"https:\/\/aem.hr\/anita-malenica\/\"]}]},{\"@type\":\"BreadcrumbList\",\"@id\":\"https:\/\/aem.hr\/anita-malenica\/#breadcrumb\",\"itemListElement\":[{\"@type\":\"ListItem\",\"position\":1,\"name\":\"Po\u010detna stranica\",\"item\":\"https:\/\/aem.hr\/\"},{\"@type\":\"ListItem\",\"position\":2,\"name\":\"Anita Malenica, \u010dlanica\"}]},{\"@type\":\"WebSite\",\"@id\":\"https:\/\/aem.hr\/#website\",\"url\":\"https:\/\/aem.hr\/\",\"name\":\"Agencija za elektroni\u010dke medije\",\"description\":\"\",\"potentialAction\":[{\"@type\":\"SearchAction\",\"target\":{\"@type\":\"EntryPoint\",\"urlTemplate\":\"https:\/\/aem.hr\/?s={search_term_string}\"},\"query-input\":{\"@type\":\"PropertyValueSpecification\",\"valueRequired\":true,\"valueName\":\"search_term_string\"}}],\"inLanguage\":\"en-US\"}]}<\/script>\n<!-- \/ Yoast SEO plugin. -->","yoast_head_json":{"title":"Anita Malenica, \u010dlanica - Agencija za elektroni\u010dke medije","robots":{"index":"index","follow":"follow","max-snippet":"max-snippet:-1","max-image-preview":"max-image-preview:large","max-video-preview":"max-video-preview:-1"},"canonical":"https:\/\/aem.hr\/anita-malenica\/","og_locale":"en_US","og_type":"article","og_title":"Anita Malenica, \u010dlanica - Agencija za elektroni\u010dke medije","og_description":"Anita Malenica \u0161kolovala se u Imotskom i Zagrebu, diplomirala na Fakultetu politi\u010dkih znanosti 1991.godine. Kao novinarka i voditeljica radila je na radio Samoboru. Najve\u0107i dio svog profesionalnog rada provela je u redakciji unutarnje politike u Slobodnoj Dalmaciji, od 1994. do 2006. godine. Izvje\u0161tavala je s brojnih me\u0111unarodnih i doma\u0107ih skupova i doga\u0111aja, bila najmla\u0111a izvjestiteljica [&hellip;]","og_url":"https:\/\/aem.hr\/anita-malenica\/","og_site_name":"Agencija za elektroni\u010dke medije","article_modified_time":"2019-01-22T14:01:05+00:00","twitter_card":"summary_large_image","twitter_misc":{"Est. reading time":"1 minute"},"schema":{"@context":"https:\/\/schema.org","@graph":[{"@type":"WebPage","@id":"https:\/\/aem.hr\/anita-malenica\/","url":"https:\/\/aem.hr\/anita-malenica\/","name":"Anita Malenica, \u010dlanica - Agencija za elektroni\u010dke medije","isPartOf":{"@id":"https:\/\/aem.hr\/#website"},"datePublished":"2019-01-22T14:01:04+00:00","dateModified":"2019-01-22T14:01:05+00:00","breadcrumb":{"@id":"https:\/\/aem.hr\/anita-malenica\/#breadcrumb"},"inLanguage":"en-US","potentialAction":[{"@type":"ReadAction","target":["https:\/\/aem.hr\/anita-malenica\/"]}]},{"@type":"BreadcrumbList","@id":"https:\/\/aem.hr\/anita-malenica\/#breadcrumb","itemListElement":[{"@type":"ListItem","position":1,"name":"Po\u010detna stranica","item":"https:\/\/aem.hr\/"},{"@type":"ListItem","position":2,"name":"Anita Malenica, \u010dlanica"}]},{"@type":"WebSite","@id":"https:\/\/aem.hr\/#website","url":"https:\/\/aem.hr\/","name":"Agencija za elektroni\u010dke medije","description":"","potentialAction":[{"@type":"SearchAction","target":{"@type":"EntryPoint","urlTemplate":"https:\/\/aem.hr\/?s={search_term_string}"},"query-input":{"@type":"PropertyValueSpecification","valueRequired":true,"valueName":"search_term_string"}}],"inLanguage":"en-US"}]}},"coauthors":[],"author_meta":{"author_link":"https:\/\/aem.hr\/en\/blog\/author\/mkirac\/","display_name":"Matko Kirac"},"relative_dates":{"created":"Posted 7 years ago","modified":"Updated 7 years ago"},"absolute_dates":{"created":"Posted on 22. January 2019.","modified":"Updated on 22. January 2019."},"absolute_dates_time":{"created":"Posted on 22. January 2019. 15:01","modified":"Updated on 22. January 2019. 15:01"},"featured_img_caption":"","featured_img":false,"series_order":"","_links":{"self":[{"href":"https:\/\/aem.hr\/en\/wp-json\/wp\/v2\/pages\/902","targetHints":{"allow":["GET"]}}],"collection":[{"href":"https:\/\/aem.hr\/en\/wp-json\/wp\/v2\/pages"}],"about":[{"href":"https:\/\/aem.hr\/en\/wp-json\/wp\/v2\/types\/page"}],"author":[{"embeddable":true,"href":"https:\/\/aem.hr\/en\/wp-json\/wp\/v2\/users\/18"}],"replies":[{"embeddable":true,"href":"https:\/\/aem.hr\/en\/wp-json\/wp\/v2\/comments?post=902"}],"version-history":[{"count":1,"href":"https:\/\/aem.hr\/en\/wp-json\/wp\/v2\/pages\/902\/revisions"}],"predecessor-version":[{"id":903,"href":"https:\/\/aem.hr\/en\/wp-json\/wp\/v2\/pages\/902\/revisions\/903"}],"wp:attachment":[{"href":"https:\/\/aem.hr\/en\/wp-json\/wp\/v2\/media?parent=902"}],"curies":[{"name":"wp","href":"https:\/\/api.w.org\/{rel}","templated":true}]}}