{"id":907,"date":"2019-01-23T14:52:44","date_gmt":"2019-01-23T13:52:44","guid":{"rendered":"http:\/\/emediji.inspirium.hr\/?page_id=907"},"modified":"2025-05-14T11:31:25","modified_gmt":"2025-05-14T09:31:25","slug":"zakonski-akti","status":"publish","type":"page","link":"https:\/\/aem.hr\/en\/zakonski-akti\/","title":{"rendered":"Zakonski akti"},"content":{"rendered":"\n<p class=\"has-medium-font-size\"><strong>Zakon o elektroni\u010dkim medijima<\/strong><\/p>\n\n\n\n<p>&#8211;&nbsp;<a href=\"https:\/\/narodne-novine.nn.hr\/clanci\/sluzbeni\/2021_10_111_1942.html\">Zakon o elektroni\u010dkim medijima (NN 111\/21) &#8211; na snazi od 22.10.2021<\/a><br>&#8211;<strong>&nbsp;<\/strong><a href=\"https:\/\/narodne-novine.nn.hr\/clanci\/sluzbeni\/2022_10_114_1727.html\">Zakon o izmjenama i dopuni Zakona o elektroni\u010dkim medijima (\u201eNarodne novine\u201c br. 114\/22), stupa na snagu 11. listopada 2022., osim \u010dl. 2. i 3., koji se odnose na \u010dl. 98. i 98. &nbsp;Zakona o elektroni\u010dkim medijima (\u00bbNarodne novine\u00ab, br. 111\/21.), koji stupaju na snagu danom uvo\u0111enja eura kao slu\u017ebene valute u Republici Hrvatskoj.<\/a><\/p>\n\n\n\n<p class=\"has-medium-font-size\"><strong>Zakon o Hrvatskoj radioteleviziji<\/strong><\/p>\n\n\n\n<p>&#8211;&nbsp;<a href=\"http:\/\/narodne-novine.nn.hr\/clanci\/sluzbeni\/2010_12_137_3515.html\">Zakon o Hrvatskoj radioteleviziji NN 137\/10<\/a><br>&#8211;&nbsp;<a href=\"http:\/\/narodne-novine.nn.hr\/clanci\/sluzbeni\/2012_07_76_1759.html\">Zakon o izmjenama i dopunama Zakona o Hrvatskoj radioteleviziji NN 76\/12<br><\/a>&#8211;&nbsp;<a href=\"https:\/\/narodne-novine.nn.hr\/clanci\/sluzbeni\/full\/2016_08_78_1791.html\">Uredba o izmjeni Zakona o Hrvatkoj radioteleviziji NN 78\/16<br><\/a>&#8211;&nbsp;<a href=\"https:\/\/narodne-novine.nn.hr\/clanci\/sluzbeni\/full\/2017_05_46_1071.html\">Zakon o dopuni Zakona o Hrvatskoj radioteleviziji NN 46\/17<br><\/a>&#8211;&nbsp;<a href=\"https:\/\/narodne-novine.nn.hr\/clanci\/sluzbeni\/full\/2017_07_73_1784.html\">Ispravak Zakona o dopuni Zakona o Hrvatskoj radioteleviziji NN 73\/17<br><\/a>&#8211;&nbsp;<a href=\"https:\/\/aem.hr\/repository_files\/file\/1282\/\">Zakon o Hrvatskoj radioteleviziji, NN 137\/10, 76\/12, 78\/16, 46\/17, 73\/17 &#8211; neslu\u017ebeni pro\u010di\u0161\u0107eni tekst<\/a><\/p>\n\n\n\n<p class=\"has-medium-font-size\"><a href=\"https:\/\/aem.hr\/repository_files\/file\/1279\/\"><strong>Ugovor izme\u0111u Hrvatske radiotelevizije i Vlade Republike Hrvatske<\/strong><\/a><\/p>\n\n\n\n<p class=\"has-medium-font-size\"><strong>Zakon o medijima<\/strong><\/p>\n\n\n\n<p>&#8211;\u00a0<a href=\"http:\/\/narodne-novine.nn.hr\/clanci\/sluzbeni\/2004_05_59_1324.html\">Zakon o medijima NN 59\/04<\/a><br>&#8211;\u00a0<a href=\"http:\/\/narodne-novine.nn.hr\/clanci\/sluzbeni\/2011_07_84_1795.html\">Zakon o izmjenama i dopunama Zakona o medijima NN 84\/11<\/a><br>&#8211;\u00a0<a href=\"http:\/\/narodne-novine.nn.hr\/clanci\/sluzbeni\/2013_06_81_1707.html\">Zakon o izmjenama i dopunama Zakona o medijima NN 81\/13<\/a> <br>&#8211; <a href=\"https:\/\/aem.hr\/repository_files\/file\/724\/\">Zakon o medijima, integrirana verzija,\u00a0NN 59\/04,<em>84\/11<\/em>i84\/13<\/a><\/p>\n\n\n\n<p class=\"has-medium-font-size\"><strong>Zakon o provedbi DSA<\/strong><\/p>\n\n\n\n<p>&#8211;\u00a0<a href=\"https:\/\/narodne-novine.nn.hr\/clanci\/sluzbeni\/2025_04_67_857.html\">Zakon o provedbi Akta o digitalnim uslugama (DSA)<\/a><\/p>\n\n\n\n<p class=\"has-medium-font-size\"><strong>Zakon o elektroni\u010dkim komunikacijama<\/strong><\/p>\n\n\n\n<p>&#8211;&nbsp;<a href=\"https:\/\/narodne-novine.nn.hr\/clanci\/sluzbeni\/2022_07_76_1116.html\">Zakon o elektroni\u010dkim komunikacijama (&#8220;Narodne novine&#8221; br. 76\/22.)<\/a><\/p>\n\n\n\n<p class=\"has-medium-font-size\"><strong>Zakon o audiovizualnim djelatnostima\ufeff<\/strong><\/p>\n\n\n\n<p>&#8211;&nbsp;<a href=\"https:\/\/narodne-novine.nn.hr\/clanci\/sluzbeni\/2018_07_61_1266.html\">Zakon o audiovizualnim djelatnostima (&#8220;Narodne novine&#8221; br. 61\/18.)<\/a><\/p>\n\n\n\n<p class=\"has-medium-font-size\"><strong>Zakon o ograni\u010davanju uporabe duhanskih i srodnih proizvoda<\/strong><\/p>\n\n\n\n<p>&#8211;&nbsp;<a href=\"https:\/\/narodne-novine.nn.hr\/clanci\/sluzbeni\/2017_05_45_1047.html\">Zakon o ograni\u010davanju uporabe duhanskih i srodnih proizvoda (&#8220;Narodne novine&#8221; br. 45\/17)<\/a><\/p>\n\n\n\n<p class=\"has-medium-font-size\"><strong>Zakon o igrama na sre\u0107u<\/strong><\/p>\n\n\n\n<p>&#8211;&nbsp;<a href=\"http:\/\/narodne-novine.nn.hr\/clanci\/sluzbeni\/2009_07_87_2128.html\">Zakon o igrama na sre\u0107u NN 87\/09<\/a><br>&#8211;&nbsp;<a href=\"http:\/\/narodne-novine.nn.hr\/clanci\/sluzbeni\/2013_03_35_634.html\">Zakon o dopunama Zakona o igrama na sre\u0107u NN 35\/13<\/a><br>&#8211;&nbsp;<a href=\"https:\/\/narodne-novine.nn.hr\/clanci\/sluzbeni\/2014_03_41_727.html\">Zakon o dopunama Zakona o igrama na sre\u0107u NN 41\/14<\/a><br>&#8211; <a href=\"https:\/\/narodne-novine.nn.hr\/clanci\/sluzbeni\/2014_12_143_2684.html\">Zakon o dopunama Zakona o igrama na sre\u0107u NN 143\/14<\/a><\/p>\n\n\n\n<p><strong>Zakon o dr\u017eavnim potporama<\/strong><\/p>\n\n\n\n<p>&#8211;&nbsp;<a href=\"https:\/\/narodne-novine.nn.hr\/clanci\/sluzbeni\/2014_04_47_873.html\">Zakon o dr\u017eavnim potporama (&#8220;Narodne novine&#8221; br. 47\/14.)<\/a><br>&#8211;&nbsp;<a href=\"https:\/\/narodne-novine.nn.hr\/clanci\/sluzbeni\/2017_07_69_1609.html\">Zakon o izmjenama i dopuni zakona o dr\u017eavnim potporama (&#8220;Narodne novine&#8221; br. 69\/17.)<\/a><\/p>\n\n\n\n<p class=\"has-medium-font-size\"><strong>Zakon o autorskom pravu i srodnim pravima<\/strong><\/p>\n\n\n\n<p>&#8211;&nbsp;<a href=\"https:\/\/narodne-novine.nn.hr\/clanci\/sluzbeni\/2021_10_111_1941.html\">Zakon o autorskom pravu i srodnim pravima (&#8220;Narodne novine&#8221; br. 111\/21.)<\/a><\/p>\n\n\n\n<p class=\"has-medium-font-size\"><strong>Zakon&nbsp;o&nbsp;op\u0107em&nbsp;upravnom&nbsp;postupku<\/strong><\/p>\n\n\n\n<p> &#8211; <a href=\"http:\/\/narodne-novine.nn.hr\/clanci\/sluzbeni\/2009_04_47_1065.html\">Zakon o op\u0107em upravnom postupku NN 47\/09<\/a>  <\/p>\n\n\n\n<p class=\"has-medium-font-size\"><strong>Zakon&nbsp;o&nbsp;koncesijama<\/strong><\/p>\n\n\n\n<p>&#8211;<a href=\"http:\/\/digured.srce.hr\/arhiva\/263\/169977\/narodne-novine.nn.hr\/clanci\/sluzbeni\/full\/2017_07_69_1603.html\">Zakon o koncesijama NN 69\/17<\/a><\/p>\n","protected":false},"excerpt":{"rendered":"<p>Zakon o elektroni\u010dkim medijima &#8211;&nbsp;Zakon o elektroni\u010dkim medijima (NN 111\/21) &#8211; na snazi od 22.10.2021&#8211;&nbsp;Zakon o izmjenama i dopuni Zakona o elektroni\u010dkim medijima (\u201eNarodne novine\u201c br. 114\/22), stupa na snagu 11. listopada 2022., osim \u010dl. 2. i 3., koji se odnose na \u010dl. 98. i 98. &nbsp;Zakona o elektroni\u010dkim medijima (\u00bbNarodne novine\u00ab, br. 111\/21.), koji [&hellip;]<\/p>\n","protected":false},"author":18,"featured_media":0,"parent":0,"menu_order":0,"comment_status":"closed","ping_status":"closed","template":"","meta":{"_acf_changed":false,"inline_featured_image":false,"advgb_blocks_editor_width":"","advgb_blocks_columns_visual_guide":"","_links_to":"","_links_to_type":0,"footnotes":""},"class_list":["post-907","page","type-page","status-publish","hentry"],"acf":[],"yoast_head":"<!-- This site is optimized with the Yoast SEO plugin v25.7 - https:\/\/yoast.com\/wordpress\/plugins\/seo\/ -->\n<title>Zakonski akti - Agencija za elektroni\u010dke medije<\/title>\n<meta name=\"robots\" content=\"index, follow, max-snippet:-1, max-image-preview:large, max-video-preview:-1\" \/>\n<link rel=\"canonical\" href=\"https:\/\/aem.hr\/zakonski-akti\/\" \/>\n<meta property=\"og:locale\" content=\"en_US\" \/>\n<meta property=\"og:type\" content=\"article\" \/>\n<meta property=\"og:title\" content=\"Zakonski akti - Agencija za elektroni\u010dke medije\" \/>\n<meta property=\"og:description\" content=\"Zakon o elektroni\u010dkim medijima &#8211;&nbsp;Zakon o elektroni\u010dkim medijima (NN 111\/21) &#8211; na snazi od 22.10.2021&#8211;&nbsp;Zakon o izmjenama i dopuni Zakona o elektroni\u010dkim medijima (\u201eNarodne novine\u201c br. 114\/22), stupa na snagu 11. listopada 2022., osim \u010dl. 2. i 3., koji se odnose na \u010dl. 98. i 98. &nbsp;Zakona o elektroni\u010dkim medijima (\u00bbNarodne novine\u00ab, br. 111\/21.), koji [&hellip;]\" \/>\n<meta property=\"og:url\" content=\"https:\/\/aem.hr\/zakonski-akti\/\" \/>\n<meta property=\"og:site_name\" content=\"Agencija za elektroni\u010dke medije\" \/>\n<meta property=\"article:modified_time\" content=\"2025-05-14T09:31:25+00:00\" \/>\n<meta name=\"twitter:card\" content=\"summary_large_image\" \/>\n<meta name=\"twitter:label1\" content=\"Est. reading time\" \/>\n\t<meta name=\"twitter:data1\" content=\"2 minutes\" \/>\n<script type=\"application\/ld+json\" class=\"yoast-schema-graph\">{\"@context\":\"https:\/\/schema.org\",\"@graph\":[{\"@type\":\"WebPage\",\"@id\":\"https:\/\/aem.hr\/zakonski-akti\/\",\"url\":\"https:\/\/aem.hr\/zakonski-akti\/\",\"name\":\"Zakonski akti - Agencija za elektroni\u010dke medije\",\"isPartOf\":{\"@id\":\"https:\/\/aem.hr\/#website\"},\"datePublished\":\"2019-01-23T13:52:44+00:00\",\"dateModified\":\"2025-05-14T09:31:25+00:00\",\"breadcrumb\":{\"@id\":\"https:\/\/aem.hr\/zakonski-akti\/#breadcrumb\"},\"inLanguage\":\"en-US\",\"potentialAction\":[{\"@type\":\"ReadAction\",\"target\":[\"https:\/\/aem.hr\/zakonski-akti\/\"]}]},{\"@type\":\"BreadcrumbList\",\"@id\":\"https:\/\/aem.hr\/zakonski-akti\/#breadcrumb\",\"itemListElement\":[{\"@type\":\"ListItem\",\"position\":1,\"name\":\"Po\u010detna stranica\",\"item\":\"https:\/\/aem.hr\/\"},{\"@type\":\"ListItem\",\"position\":2,\"name\":\"Zakonski akti\"}]},{\"@type\":\"WebSite\",\"@id\":\"https:\/\/aem.hr\/#website\",\"url\":\"https:\/\/aem.hr\/\",\"name\":\"Agencija za elektroni\u010dke medije\",\"description\":\"\",\"potentialAction\":[{\"@type\":\"SearchAction\",\"target\":{\"@type\":\"EntryPoint\",\"urlTemplate\":\"https:\/\/aem.hr\/?s={search_term_string}\"},\"query-input\":{\"@type\":\"PropertyValueSpecification\",\"valueRequired\":true,\"valueName\":\"search_term_string\"}}],\"inLanguage\":\"en-US\"}]}<\/script>\n<!-- \/ Yoast SEO plugin. -->","yoast_head_json":{"title":"Zakonski akti - Agencija za elektroni\u010dke medije","robots":{"index":"index","follow":"follow","max-snippet":"max-snippet:-1","max-image-preview":"max-image-preview:large","max-video-preview":"max-video-preview:-1"},"canonical":"https:\/\/aem.hr\/zakonski-akti\/","og_locale":"en_US","og_type":"article","og_title":"Zakonski akti - Agencija za elektroni\u010dke medije","og_description":"Zakon o elektroni\u010dkim medijima &#8211;&nbsp;Zakon o elektroni\u010dkim medijima (NN 111\/21) &#8211; na snazi od 22.10.2021&#8211;&nbsp;Zakon o izmjenama i dopuni Zakona o elektroni\u010dkim medijima (\u201eNarodne novine\u201c br. 114\/22), stupa na snagu 11. listopada 2022., osim \u010dl. 2. i 3., koji se odnose na \u010dl. 98. i 98. &nbsp;Zakona o elektroni\u010dkim medijima (\u00bbNarodne novine\u00ab, br. 111\/21.), koji [&hellip;]","og_url":"https:\/\/aem.hr\/zakonski-akti\/","og_site_name":"Agencija za elektroni\u010dke medije","article_modified_time":"2025-05-14T09:31:25+00:00","twitter_card":"summary_large_image","twitter_misc":{"Est. reading time":"2 minutes"},"schema":{"@context":"https:\/\/schema.org","@graph":[{"@type":"WebPage","@id":"https:\/\/aem.hr\/zakonski-akti\/","url":"https:\/\/aem.hr\/zakonski-akti\/","name":"Zakonski akti - Agencija za elektroni\u010dke medije","isPartOf":{"@id":"https:\/\/aem.hr\/#website"},"datePublished":"2019-01-23T13:52:44+00:00","dateModified":"2025-05-14T09:31:25+00:00","breadcrumb":{"@id":"https:\/\/aem.hr\/zakonski-akti\/#breadcrumb"},"inLanguage":"en-US","potentialAction":[{"@type":"ReadAction","target":["https:\/\/aem.hr\/zakonski-akti\/"]}]},{"@type":"BreadcrumbList","@id":"https:\/\/aem.hr\/zakonski-akti\/#breadcrumb","itemListElement":[{"@type":"ListItem","position":1,"name":"Po\u010detna stranica","item":"https:\/\/aem.hr\/"},{"@type":"ListItem","position":2,"name":"Zakonski akti"}]},{"@type":"WebSite","@id":"https:\/\/aem.hr\/#website","url":"https:\/\/aem.hr\/","name":"Agencija za elektroni\u010dke medije","description":"","potentialAction":[{"@type":"SearchAction","target":{"@type":"EntryPoint","urlTemplate":"https:\/\/aem.hr\/?s={search_term_string}"},"query-input":{"@type":"PropertyValueSpecification","valueRequired":true,"valueName":"search_term_string"}}],"inLanguage":"en-US"}]}},"coauthors":[],"author_meta":{"author_link":"https:\/\/aem.hr\/en\/blog\/author\/mkirac\/","display_name":"Matko Kirac"},"relative_dates":{"created":"Posted 7 years ago","modified":"Updated 11 months ago"},"absolute_dates":{"created":"Posted on 23. January 2019.","modified":"Updated on 14. May 2025."},"absolute_dates_time":{"created":"Posted on 23. January 2019. 14:52","modified":"Updated on 14. May 2025. 11:31"},"featured_img_caption":"","featured_img":false,"series_order":"","_links":{"self":[{"href":"https:\/\/aem.hr\/en\/wp-json\/wp\/v2\/pages\/907","targetHints":{"allow":["GET"]}}],"collection":[{"href":"https:\/\/aem.hr\/en\/wp-json\/wp\/v2\/pages"}],"about":[{"href":"https:\/\/aem.hr\/en\/wp-json\/wp\/v2\/types\/page"}],"author":[{"embeddable":true,"href":"https:\/\/aem.hr\/en\/wp-json\/wp\/v2\/users\/18"}],"replies":[{"embeddable":true,"href":"https:\/\/aem.hr\/en\/wp-json\/wp\/v2\/comments?post=907"}],"version-history":[{"count":30,"href":"https:\/\/aem.hr\/en\/wp-json\/wp\/v2\/pages\/907\/revisions"}],"predecessor-version":[{"id":22930,"href":"https:\/\/aem.hr\/en\/wp-json\/wp\/v2\/pages\/907\/revisions\/22930"}],"wp:attachment":[{"href":"https:\/\/aem.hr\/en\/wp-json\/wp\/v2\/media?parent=907"}],"curies":[{"name":"wp","href":"https:\/\/api.w.org\/{rel}","templated":true}]}}