{"id":922,"date":"2019-01-23T14:55:32","date_gmt":"2019-01-23T13:55:32","guid":{"rendered":"http:\/\/emediji.inspirium.hr\/?page_id=922"},"modified":"2022-09-12T08:20:47","modified_gmt":"2022-09-12T06:20:47","slug":"istrazivanja-i-analize","status":"publish","type":"page","link":"https:\/\/aem.hr\/en\/istrazivanja-i-analize\/","title":{"rendered":"Istra\u017eivanja i analize"},"content":{"rendered":"\n<div class=\"wp-block-columns has-3-columns is-layout-flex wp-container-core-columns-is-layout-1 wp-block-columns-is-layout-flex\">\n<div class=\"wp-block-column is-layout-flow wp-block-column-is-layout-flow\">\n<figure class=\"wp-block-image size-large\"><a href=\"https:\/\/aem.hr\/wp-content\/uploads\/2021\/07\/Analiza-drus\u030ctvenog-utjecaja-Fonda-za-poticanje-pluralizma-i-raznovrsnosti-elektronic\u030ckih-medija-2016.-\u2013-2019-za-web.pdf\"><img loading=\"lazy\" decoding=\"async\" width=\"759\" height=\"1024\" src=\"https:\/\/aem.hr\/wp-content\/uploads\/2021\/07\/Analiza-drustvenog-utjecaja-Fonda-za-poticanje-pluralizma-i-raznovrsnosti-elektronickih-medija-2016.-\u2013-2019-za-web-1-759x1024.jpg\" alt=\"\" class=\"wp-image-9696\" srcset=\"https:\/\/aem.hr\/wp-content\/uploads\/2021\/07\/Analiza-drustvenog-utjecaja-Fonda-za-poticanje-pluralizma-i-raznovrsnosti-elektronickih-medija-2016.-\u2013-2019-za-web-1-759x1024.jpg 759w, https:\/\/aem.hr\/wp-content\/uploads\/2021\/07\/Analiza-drustvenog-utjecaja-Fonda-za-poticanje-pluralizma-i-raznovrsnosti-elektronickih-medija-2016.-\u2013-2019-za-web-1-222x300.jpg 222w, https:\/\/aem.hr\/wp-content\/uploads\/2021\/07\/Analiza-drustvenog-utjecaja-Fonda-za-poticanje-pluralizma-i-raznovrsnosti-elektronickih-medija-2016.-\u2013-2019-za-web-1-768x1036.jpg 768w, https:\/\/aem.hr\/wp-content\/uploads\/2021\/07\/Analiza-drustvenog-utjecaja-Fonda-za-poticanje-pluralizma-i-raznovrsnosti-elektronickih-medija-2016.-\u2013-2019-za-web-1-1138x1536.jpg 1138w, https:\/\/aem.hr\/wp-content\/uploads\/2021\/07\/Analiza-drustvenog-utjecaja-Fonda-za-poticanje-pluralizma-i-raznovrsnosti-elektronickih-medija-2016.-\u2013-2019-za-web-1-1518x2048.jpg 1518w, https:\/\/aem.hr\/wp-content\/uploads\/2021\/07\/Analiza-drustvenog-utjecaja-Fonda-za-poticanje-pluralizma-i-raznovrsnosti-elektronickih-medija-2016.-\u2013-2019-za-web-1-scaled.jpg 1897w\" sizes=\"auto, (max-width: 759px) 100vw, 759px\" \/><\/a><figcaption>Analiza drus\u030ctvenog utjecaja Fonda za poticanje pluralizma i raznovrsnosti elektronic\u030ckih medija 2016. \u2013 2019<\/figcaption><\/figure>\n\n\n\n<figure class=\"wp-block-image\"><a href=\"https:\/\/aem.hr\/wp-content\/uploads\/2019\/05\/JUFREX-Media-RAs-and-Protection-of-Minors.pdf\"><img loading=\"lazy\" decoding=\"async\" width=\"684\" height=\"1024\" src=\"https:\/\/aem.hr\/wp-content\/uploads\/2019\/05\/zastita-maloljetnika-small-cover-684x1024.jpg\" alt=\"\" class=\"wp-image-5355\" srcset=\"https:\/\/aem.hr\/wp-content\/uploads\/2019\/05\/zastita-maloljetnika-small-cover-684x1024.jpg 684w, https:\/\/aem.hr\/wp-content\/uploads\/2019\/05\/zastita-maloljetnika-small-cover-200x300.jpg 200w, https:\/\/aem.hr\/wp-content\/uploads\/2019\/05\/zastita-maloljetnika-small-cover-768x1150.jpg 768w, https:\/\/aem.hr\/wp-content\/uploads\/2019\/05\/zastita-maloljetnika-small-cover.jpg 1892w\" sizes=\"auto, (max-width: 684px) 100vw, 684px\" \/><\/a><figcaption> Medijska regulatorna tijela i za\u0161tita maloljetnika <\/figcaption><\/figure>\n\n\n\n<figure class=\"wp-block-image\"><a href=\"https:\/\/aem.hr\/wp-content\/uploads\/2018\/11\/Televizijski-nakladnici-na-lokalnoj-razini-2014.-i-2015-EIZ-AEM.pdf\"><img loading=\"lazy\" decoding=\"async\" width=\"414\" height=\"585\" src=\"https:\/\/aem.hr\/wp-content\/uploads\/2019\/02\/analiza-financijskog-poslovanja-2014-15.png\" alt=\"\" class=\"wp-image-4553\" srcset=\"https:\/\/aem.hr\/wp-content\/uploads\/2019\/02\/analiza-financijskog-poslovanja-2014-15.png 414w, https:\/\/aem.hr\/wp-content\/uploads\/2019\/02\/analiza-financijskog-poslovanja-2014-15-212x300.png 212w\" sizes=\"auto, (max-width: 414px) 100vw, 414px\" \/><\/a><figcaption> Analiza financijskog poslovanja televizijskih<br>nakladnika na lokalnoj razini u rh u 2014. I 2015.<br>godini <\/figcaption><\/figure>\n\n\n\n<figure class=\"wp-block-image\"><a href=\"https:\/\/aem.hr\/wp-content\/uploads\/2018\/11\/Analiza-TV-tr%C5%BEi%C5%A1ta-2013..pdf\"><img loading=\"lazy\" decoding=\"async\" width=\"414\" height=\"585\" src=\"https:\/\/aem.hr\/wp-content\/uploads\/2019\/02\/analiza-tv-trzista.png\" alt=\"\" class=\"wp-image-4547\" srcset=\"https:\/\/aem.hr\/wp-content\/uploads\/2019\/02\/analiza-tv-trzista.png 414w, https:\/\/aem.hr\/wp-content\/uploads\/2019\/02\/analiza-tv-trzista-212x300.png 212w\" sizes=\"auto, (max-width: 414px) 100vw, 414px\" \/><\/a><figcaption> Analiza TV tr\u017ei\u0161ta <\/figcaption><\/figure>\n<\/div>\n\n\n\n<div class=\"wp-block-column is-layout-flow wp-block-column-is-layout-flow\">\n<figure class=\"wp-block-image\"><a href=\"https:\/\/aem.hr\/wp-content\/uploads\/2018\/11\/AEM-prezentacija-navike-gledanja-TV.pdf\"><img loading=\"lazy\" decoding=\"async\" width=\"683\" height=\"1024\" src=\"https:\/\/aem.hr\/wp-content\/uploads\/2019\/02\/navike-gledanja-tv-683x1024.jpg\" alt=\"\" class=\"wp-image-4551\" srcset=\"https:\/\/aem.hr\/wp-content\/uploads\/2019\/02\/navike-gledanja-tv-683x1024.jpg 683w, https:\/\/aem.hr\/wp-content\/uploads\/2019\/02\/navike-gledanja-tv-200x300.jpg 200w, https:\/\/aem.hr\/wp-content\/uploads\/2019\/02\/navike-gledanja-tv-768x1152.jpg 768w, https:\/\/aem.hr\/wp-content\/uploads\/2019\/02\/navike-gledanja-tv.jpg 1280w\" sizes=\"auto, (max-width: 683px) 100vw, 683px\" \/><\/a><figcaption> Navike gledanja televizijskog programa <\/figcaption><\/figure>\n\n\n\n<figure class=\"wp-block-image\"><a href=\"https:\/\/aem.hr\/wp-content\/uploads\/2018\/11\/IRMO-Analiza-tr%C5%BEi%C5%A1ta-elektroni%C4%8Dkih-publikacija.pdf\"><img loading=\"lazy\" decoding=\"async\" width=\"414\" height=\"585\" src=\"https:\/\/aem.hr\/wp-content\/uploads\/2019\/02\/analiza-trzista-EP.png\" alt=\"\" class=\"wp-image-4545\" srcset=\"https:\/\/aem.hr\/wp-content\/uploads\/2019\/02\/analiza-trzista-EP.png 414w, https:\/\/aem.hr\/wp-content\/uploads\/2019\/02\/analiza-trzista-EP-212x300.png 212w\" sizes=\"auto, (max-width: 414px) 100vw, 414px\" \/><\/a><figcaption>Analiza tr\u017ei\u0161ta elektroni\u010dkih publikacija <\/figcaption><\/figure>\n\n\n\n<figure class=\"wp-block-image\"><a href=\"https:\/\/aem.hr\/wp-content\/uploads\/2019\/02\/AEM_Studija-utjecaja-Fonda-2013.-2015..pdf\"><img loading=\"lazy\" decoding=\"async\" width=\"425\" height=\"550\" src=\"https:\/\/aem.hr\/wp-content\/uploads\/2019\/02\/analiza-drustvenog-utjecaja-fonda.png\" alt=\"\" class=\"wp-image-4573\" srcset=\"https:\/\/aem.hr\/wp-content\/uploads\/2019\/02\/analiza-drustvenog-utjecaja-fonda.png 425w, https:\/\/aem.hr\/wp-content\/uploads\/2019\/02\/analiza-drustvenog-utjecaja-fonda-232x300.png 232w\" sizes=\"auto, (max-width: 425px) 100vw, 425px\" \/><\/a><figcaption>Analiza dru\u0161tvenog utjecaja<br> Fonda za pluralizam i raznovrsnost<br> elektroni\u010dkih medija 2018<\/figcaption><\/figure>\n\n\n\n<figure class=\"wp-block-image\"><a href=\"https:\/\/aem.hr\/wp-content\/uploads\/2019\/02\/Ravnopravnost-mu\u0161karaca-i-\u017eena-u-sportskim-programima-audiovizualnih-medija.pdf\"><img loading=\"lazy\" decoding=\"async\" width=\"414\" height=\"585\" src=\"https:\/\/aem.hr\/wp-content\/uploads\/2019\/02\/Ravnopravnost-mu\u0161karaca-i-\u017eena-u-sportskim-programima-audiovizualnih-medija.png\" alt=\"\" class=\"wp-image-4569\" srcset=\"https:\/\/aem.hr\/wp-content\/uploads\/2019\/02\/Ravnopravnost-mu\u0161karaca-i-\u017eena-u-sportskim-programima-audiovizualnih-medija.png 414w, https:\/\/aem.hr\/wp-content\/uploads\/2019\/02\/Ravnopravnost-mu\u0161karaca-i-\u017eena-u-sportskim-programima-audiovizualnih-medija-212x300.png 212w\" sizes=\"auto, (max-width: 414px) 100vw, 414px\" \/><\/a><figcaption>Ravnopravnost mu\u0161karaca i \u017eena u sportskim programima audiovizualnih<br> medija<\/figcaption><\/figure>\n\n\n\n<figure class=\"wp-block-image\"><a href=\"https:\/\/aem.hr\/wp-content\/uploads\/2019\/02\/MNRA-izvje\u0161taj-o-jednakosti-spolova-u-sportu.pdf\"><img loading=\"lazy\" decoding=\"async\" width=\"724\" height=\"1024\" src=\"https:\/\/aem.hr\/wp-content\/uploads\/2019\/02\/MNRA-izvje\u0161taj-o-jednakosti-spolova-u-sportu-724x1024.png\" alt=\"\" class=\"wp-image-4575\" srcset=\"https:\/\/aem.hr\/wp-content\/uploads\/2019\/02\/MNRA-izvje\u0161taj-o-jednakosti-spolova-u-sportu-724x1024.png 724w, https:\/\/aem.hr\/wp-content\/uploads\/2019\/02\/MNRA-izvje\u0161taj-o-jednakosti-spolova-u-sportu-212x300.png 212w, https:\/\/aem.hr\/wp-content\/uploads\/2019\/02\/MNRA-izvje\u0161taj-o-jednakosti-spolova-u-sportu-768x1087.png 768w, https:\/\/aem.hr\/wp-content\/uploads\/2019\/02\/MNRA-izvje\u0161taj-o-jednakosti-spolova-u-sportu.png 827w\" sizes=\"auto, (max-width: 724px) 100vw, 724px\" \/><\/a><figcaption>Jednakost mu\u0161karaca i \u017eena u sportskim programima audiovizualnih medijskih<br> usluga<\/figcaption><\/figure>\n<\/div>\n\n\n\n<div class=\"wp-block-column is-layout-flow wp-block-column-is-layout-flow\">\n<figure class=\"wp-block-image\"><a href=\"https:\/\/aem.hr\/wp-content\/uploads\/2018\/11\/Studija-mogu%C4%87nosti-uvo%C4%91enja-novih-naplatnih-TV-usluga.pdf\"><img loading=\"lazy\" decoding=\"async\" width=\"724\" height=\"1024\" src=\"https:\/\/aem.hr\/wp-content\/uploads\/2019\/02\/mogucnosti-uvodenja-naplata-tv-724x1024.png\" alt=\"\" class=\"wp-image-4549\" srcset=\"https:\/\/aem.hr\/wp-content\/uploads\/2019\/02\/mogucnosti-uvodenja-naplata-tv-724x1024.png 724w, https:\/\/aem.hr\/wp-content\/uploads\/2019\/02\/mogucnosti-uvodenja-naplata-tv-212x300.png 212w, https:\/\/aem.hr\/wp-content\/uploads\/2019\/02\/mogucnosti-uvodenja-naplata-tv-768x1087.png 768w, https:\/\/aem.hr\/wp-content\/uploads\/2019\/02\/mogucnosti-uvodenja-naplata-tv.png 827w\" sizes=\"auto, (max-width: 724px) 100vw, 724px\" \/><\/a><figcaption> Mogu\u0107nosti uvo\u0111enja novih naplatnih usluga <\/figcaption><\/figure>\n\n\n\n<figure class=\"wp-block-image\"><a href=\"https:\/\/aem.hr\/wp-content\/uploads\/2018\/11\/Analiza-radijskog-tr%C5%BEi%C5%A1ta.pdf\"><img loading=\"lazy\" decoding=\"async\" width=\"724\" height=\"1024\" src=\"https:\/\/aem.hr\/wp-content\/uploads\/2019\/02\/analiza-radijskog-trzista-724x1024.png\" alt=\"\" class=\"wp-image-4543\" srcset=\"https:\/\/aem.hr\/wp-content\/uploads\/2019\/02\/analiza-radijskog-trzista-724x1024.png 724w, https:\/\/aem.hr\/wp-content\/uploads\/2019\/02\/analiza-radijskog-trzista-212x300.png 212w, https:\/\/aem.hr\/wp-content\/uploads\/2019\/02\/analiza-radijskog-trzista-768x1087.png 768w, https:\/\/aem.hr\/wp-content\/uploads\/2019\/02\/analiza-radijskog-trzista.png 827w\" sizes=\"auto, (max-width: 724px) 100vw, 724px\" \/><\/a><figcaption> Analiza radijskog tr\u017ei\u0161ta <\/figcaption><\/figure>\n\n\n\n<figure class=\"wp-block-image\"><a href=\"https:\/\/aem.hr\/wp-content\/uploads\/2019\/02\/Analiza-dru\u0161tvenog-utjecaja-Fonda-2014..pdf\"><img loading=\"lazy\" decoding=\"async\" width=\"414\" height=\"585\" src=\"https:\/\/aem.hr\/wp-content\/uploads\/2019\/02\/aem-studija-utjecaja-fonda-2013-15.png\" alt=\"\" class=\"wp-image-4571\" srcset=\"https:\/\/aem.hr\/wp-content\/uploads\/2019\/02\/aem-studija-utjecaja-fonda-2013-15.png 414w, https:\/\/aem.hr\/wp-content\/uploads\/2019\/02\/aem-studija-utjecaja-fonda-2013-15-212x300.png 212w\" sizes=\"auto, (max-width: 414px) 100vw, 414px\" \/><\/a><figcaption>Analiza dru\u0161tvenog utjecaja<br> Fonda za pluralizam i raznovrsnost<br> elektroni\u010dkih medija 2014<\/figcaption><\/figure>\n\n\n\n<figure class=\"wp-block-image size-large\"><a href=\"https:\/\/aem.hr\/wp-content\/uploads\/2020\/02\/Komparativna-analiza-prilagodbe-audiovizualnih-sadr\u017eaja-osobama-s-osjetilnim-invaliditetom-1.pdf\"><img loading=\"lazy\" decoding=\"async\" width=\"791\" height=\"1024\" src=\"https:\/\/aem.hr\/wp-content\/uploads\/2020\/02\/Komparativna-analiza-prilagodbe-audiovizualnih-sadr\u017eaja-osobama-s-osjetilnim-invaliditetom-slika-1-791x1024.jpg\" alt=\"\" class=\"wp-image-6022\" srcset=\"https:\/\/aem.hr\/wp-content\/uploads\/2020\/02\/Komparativna-analiza-prilagodbe-audiovizualnih-sadr\u017eaja-osobama-s-osjetilnim-invaliditetom-slika-1-791x1024.jpg 791w, https:\/\/aem.hr\/wp-content\/uploads\/2020\/02\/Komparativna-analiza-prilagodbe-audiovizualnih-sadr\u017eaja-osobama-s-osjetilnim-invaliditetom-slika-1-232x300.jpg 232w, https:\/\/aem.hr\/wp-content\/uploads\/2020\/02\/Komparativna-analiza-prilagodbe-audiovizualnih-sadr\u017eaja-osobama-s-osjetilnim-invaliditetom-slika-1-768x994.jpg 768w, https:\/\/aem.hr\/wp-content\/uploads\/2020\/02\/Komparativna-analiza-prilagodbe-audiovizualnih-sadr\u017eaja-osobama-s-osjetilnim-invaliditetom-slika-1-1187x1536.jpg 1187w, https:\/\/aem.hr\/wp-content\/uploads\/2020\/02\/Komparativna-analiza-prilagodbe-audiovizualnih-sadr\u017eaja-osobama-s-osjetilnim-invaliditetom-slika-1.jpg 1275w\" sizes=\"auto, (max-width: 791px) 100vw, 791px\" \/><\/a><figcaption>Komparativna analiza prilagodbe audiovizualnih sadr\u017eaja osobama s osjetilnim invaliditetom<\/figcaption><\/figure>\n<\/div>\n<\/div>\n\n\n\n<p><\/p>\n","protected":false},"excerpt":{"rendered":"","protected":false},"author":18,"featured_media":0,"parent":0,"menu_order":0,"comment_status":"closed","ping_status":"closed","template":"","meta":{"_acf_changed":false,"inline_featured_image":false,"advgb_blocks_editor_width":"","advgb_blocks_columns_visual_guide":"","_links_to":"","_links_to_type":0,"footnotes":""},"class_list":["post-922","page","type-page","status-publish","hentry"],"acf":[],"yoast_head":"<!-- This site is optimized with the Yoast SEO plugin v25.7 - https:\/\/yoast.com\/wordpress\/plugins\/seo\/ -->\n<title>Istra\u017eivanja i analize - Agencija za elektroni\u010dke medije<\/title>\n<meta name=\"robots\" content=\"index, follow, max-snippet:-1, max-image-preview:large, max-video-preview:-1\" \/>\n<link rel=\"canonical\" href=\"https:\/\/aem.hr\/istrazivanja-i-analize\/\" \/>\n<meta property=\"og:locale\" content=\"en_US\" \/>\n<meta property=\"og:type\" content=\"article\" \/>\n<meta property=\"og:title\" content=\"Istra\u017eivanja i analize - Agencija za elektroni\u010dke medije\" \/>\n<meta property=\"og:url\" content=\"https:\/\/aem.hr\/istrazivanja-i-analize\/\" \/>\n<meta property=\"og:site_name\" content=\"Agencija za elektroni\u010dke medije\" \/>\n<meta property=\"article:modified_time\" content=\"2022-09-12T06:20:47+00:00\" \/>\n<meta property=\"og:image\" content=\"https:\/\/aem.hr\/wp-content\/uploads\/2019\/05\/zastita-maloljetnika-small-cover-684x1024.jpg\" \/>\n<meta name=\"twitter:card\" content=\"summary_large_image\" \/>\n<meta name=\"twitter:label1\" content=\"Est. reading time\" \/>\n\t<meta name=\"twitter:data1\" content=\"4 minutes\" \/>\n<script type=\"application\/ld+json\" class=\"yoast-schema-graph\">{\"@context\":\"https:\/\/schema.org\",\"@graph\":[{\"@type\":\"WebPage\",\"@id\":\"https:\/\/aem.hr\/istrazivanja-i-analize\/\",\"url\":\"https:\/\/aem.hr\/istrazivanja-i-analize\/\",\"name\":\"Istra\u017eivanja i analize - Agencija za elektroni\u010dke medije\",\"isPartOf\":{\"@id\":\"https:\/\/aem.hr\/#website\"},\"primaryImageOfPage\":{\"@id\":\"https:\/\/aem.hr\/istrazivanja-i-analize\/#primaryimage\"},\"image\":{\"@id\":\"https:\/\/aem.hr\/istrazivanja-i-analize\/#primaryimage\"},\"thumbnailUrl\":\"https:\/\/aem.hr\/wp-content\/uploads\/2019\/05\/zastita-maloljetnika-small-cover-684x1024.jpg\",\"datePublished\":\"2019-01-23T13:55:32+00:00\",\"dateModified\":\"2022-09-12T06:20:47+00:00\",\"breadcrumb\":{\"@id\":\"https:\/\/aem.hr\/istrazivanja-i-analize\/#breadcrumb\"},\"inLanguage\":\"en-US\",\"potentialAction\":[{\"@type\":\"ReadAction\",\"target\":[\"https:\/\/aem.hr\/istrazivanja-i-analize\/\"]}]},{\"@type\":\"ImageObject\",\"inLanguage\":\"en-US\",\"@id\":\"https:\/\/aem.hr\/istrazivanja-i-analize\/#primaryimage\",\"url\":\"https:\/\/aem.hr\/wp-content\/uploads\/2019\/05\/zastita-maloljetnika-small-cover-684x1024.jpg\",\"contentUrl\":\"https:\/\/aem.hr\/wp-content\/uploads\/2019\/05\/zastita-maloljetnika-small-cover-684x1024.jpg\"},{\"@type\":\"BreadcrumbList\",\"@id\":\"https:\/\/aem.hr\/istrazivanja-i-analize\/#breadcrumb\",\"itemListElement\":[{\"@type\":\"ListItem\",\"position\":1,\"name\":\"Po\u010detna stranica\",\"item\":\"https:\/\/aem.hr\/\"},{\"@type\":\"ListItem\",\"position\":2,\"name\":\"Istra\u017eivanja i analize\"}]},{\"@type\":\"WebSite\",\"@id\":\"https:\/\/aem.hr\/#website\",\"url\":\"https:\/\/aem.hr\/\",\"name\":\"Agencija za elektroni\u010dke medije\",\"description\":\"\",\"potentialAction\":[{\"@type\":\"SearchAction\",\"target\":{\"@type\":\"EntryPoint\",\"urlTemplate\":\"https:\/\/aem.hr\/?s={search_term_string}\"},\"query-input\":{\"@type\":\"PropertyValueSpecification\",\"valueRequired\":true,\"valueName\":\"search_term_string\"}}],\"inLanguage\":\"en-US\"}]}<\/script>\n<!-- \/ Yoast SEO plugin. -->","yoast_head_json":{"title":"Istra\u017eivanja i analize - Agencija za elektroni\u010dke medije","robots":{"index":"index","follow":"follow","max-snippet":"max-snippet:-1","max-image-preview":"max-image-preview:large","max-video-preview":"max-video-preview:-1"},"canonical":"https:\/\/aem.hr\/istrazivanja-i-analize\/","og_locale":"en_US","og_type":"article","og_title":"Istra\u017eivanja i analize - Agencija za elektroni\u010dke medije","og_url":"https:\/\/aem.hr\/istrazivanja-i-analize\/","og_site_name":"Agencija za elektroni\u010dke medije","article_modified_time":"2022-09-12T06:20:47+00:00","og_image":[{"url":"https:\/\/aem.hr\/wp-content\/uploads\/2019\/05\/zastita-maloljetnika-small-cover-684x1024.jpg","type":"","width":"","height":""}],"twitter_card":"summary_large_image","twitter_misc":{"Est. reading time":"4 minutes"},"schema":{"@context":"https:\/\/schema.org","@graph":[{"@type":"WebPage","@id":"https:\/\/aem.hr\/istrazivanja-i-analize\/","url":"https:\/\/aem.hr\/istrazivanja-i-analize\/","name":"Istra\u017eivanja i analize - Agencija za elektroni\u010dke medije","isPartOf":{"@id":"https:\/\/aem.hr\/#website"},"primaryImageOfPage":{"@id":"https:\/\/aem.hr\/istrazivanja-i-analize\/#primaryimage"},"image":{"@id":"https:\/\/aem.hr\/istrazivanja-i-analize\/#primaryimage"},"thumbnailUrl":"https:\/\/aem.hr\/wp-content\/uploads\/2019\/05\/zastita-maloljetnika-small-cover-684x1024.jpg","datePublished":"2019-01-23T13:55:32+00:00","dateModified":"2022-09-12T06:20:47+00:00","breadcrumb":{"@id":"https:\/\/aem.hr\/istrazivanja-i-analize\/#breadcrumb"},"inLanguage":"en-US","potentialAction":[{"@type":"ReadAction","target":["https:\/\/aem.hr\/istrazivanja-i-analize\/"]}]},{"@type":"ImageObject","inLanguage":"en-US","@id":"https:\/\/aem.hr\/istrazivanja-i-analize\/#primaryimage","url":"https:\/\/aem.hr\/wp-content\/uploads\/2019\/05\/zastita-maloljetnika-small-cover-684x1024.jpg","contentUrl":"https:\/\/aem.hr\/wp-content\/uploads\/2019\/05\/zastita-maloljetnika-small-cover-684x1024.jpg"},{"@type":"BreadcrumbList","@id":"https:\/\/aem.hr\/istrazivanja-i-analize\/#breadcrumb","itemListElement":[{"@type":"ListItem","position":1,"name":"Po\u010detna stranica","item":"https:\/\/aem.hr\/"},{"@type":"ListItem","position":2,"name":"Istra\u017eivanja i analize"}]},{"@type":"WebSite","@id":"https:\/\/aem.hr\/#website","url":"https:\/\/aem.hr\/","name":"Agencija za elektroni\u010dke medije","description":"","potentialAction":[{"@type":"SearchAction","target":{"@type":"EntryPoint","urlTemplate":"https:\/\/aem.hr\/?s={search_term_string}"},"query-input":{"@type":"PropertyValueSpecification","valueRequired":true,"valueName":"search_term_string"}}],"inLanguage":"en-US"}]}},"coauthors":[],"author_meta":{"author_link":"https:\/\/aem.hr\/en\/blog\/author\/mkirac\/","display_name":"Matko Kirac"},"relative_dates":{"created":"Posted 7 years ago","modified":"Updated 4 years ago"},"absolute_dates":{"created":"Posted on 23. January 2019.","modified":"Updated on 12. September 2022."},"absolute_dates_time":{"created":"Posted on 23. January 2019. 14:55","modified":"Updated on 12. September 2022. 8:20"},"featured_img_caption":"","featured_img":false,"series_order":"","_links":{"self":[{"href":"https:\/\/aem.hr\/en\/wp-json\/wp\/v2\/pages\/922","targetHints":{"allow":["GET"]}}],"collection":[{"href":"https:\/\/aem.hr\/en\/wp-json\/wp\/v2\/pages"}],"about":[{"href":"https:\/\/aem.hr\/en\/wp-json\/wp\/v2\/types\/page"}],"author":[{"embeddable":true,"href":"https:\/\/aem.hr\/en\/wp-json\/wp\/v2\/users\/18"}],"replies":[{"embeddable":true,"href":"https:\/\/aem.hr\/en\/wp-json\/wp\/v2\/comments?post=922"}],"version-history":[{"count":19,"href":"https:\/\/aem.hr\/en\/wp-json\/wp\/v2\/pages\/922\/revisions"}],"predecessor-version":[{"id":13007,"href":"https:\/\/aem.hr\/en\/wp-json\/wp\/v2\/pages\/922\/revisions\/13007"}],"wp:attachment":[{"href":"https:\/\/aem.hr\/en\/wp-json\/wp\/v2\/media?parent=922"}],"curies":[{"name":"wp","href":"https:\/\/api.w.org\/{rel}","templated":true}]}}