{"id":99,"date":"2018-11-02T12:47:15","date_gmt":"2018-11-02T11:47:15","guid":{"rendered":"http:\/\/emediji.inspirium.hr\/?page_id=99"},"modified":"2019-09-23T13:01:14","modified_gmt":"2019-09-23T11:01:14","slug":"prituzbe-gradana","status":"publish","type":"page","link":"https:\/\/aem.hr\/en\/prituzbe-gradana\/","title":{"rendered":"Upiti i pritu\u017ebe"},"content":{"rendered":"\n<p><strong>Ako ste u odre\u0111enom radijskom ili televizijskom programu ili elektroni\u010dkoj publikaciji primijetili potencijalne nepravilnosti ili nezakonitosti, i \u017eelite ulo\u017eiti pritu\u017ebu, koristite ovaj obrazac.<\/strong><br><\/p>\n\n\n\n<p>Pritu\u017ebu na sadr\u017eaj pru\u017eatelja medijskih usluga mo\u017eete podnijeti putem na\u0161eg elektroni\u010dkog obrasca. Pritu\u017ebe se tako\u0111er mogu podnijeti i u pisanom obliku na adresu: Agencija za elektroni\u010dke medije, Jagi\u0107eva 31, 10 000 Zagreb.<\/p>\n\n\n\n<p>Sve formalne pritu\u017ebe trebaju biti u pisanoj formi i minimalno sadr\u017eavati sljede\u0107e podatke:<\/p>\n\n\n\n<ul class=\"wp-block-list\"><li>Naziv nakladnika<\/li><li>Naziv emisije<\/li><li>Datum emitiranja<\/li><li>Vrijeme emitiranja<\/li><li>Opis nepravilnosti\/nezakonitosti<\/li><\/ul>\n\n\n\n<p>U slu\u010daju prijave elektroni\u010dke publikacije potrebno je navesti mre\u017enu poveznicu, odnosno&nbsp;<em>link<\/em>&nbsp;(URL) na sadr\u017eaj koji prijavljujete.&nbsp;Za u\u010dinkovito postupanje, pritu\u017eba tako\u0111er treba sadr\u017eavati i podatke za kontaktiranje podnositelja ili podnositeljice pritu\u017ebe (ime i prezime, telefonski broj, adresa elektroni\u010dke po\u0161te). Na anonimne pritu\u017ebe ne mo\u017eemo dati odgovor.&nbsp;Va\u0161e informacije Agencija \u0107e dr\u017eati u tajnosti i ne\u0107e ih u\u010diniti dostupnim tre\u0107im stranama, osim u slu\u010daju kada smo to du\u017eni u\u010diniti po zakonu. Informacije koje nam pru\u017eite Agencija \u0107e koristiti da obradi va\u0161u pritu\u017ebu, poduzme odgovaraju\u0107e mjere i obavijesti vas o donesenim odlukama.<\/p>\n\n\n<div class=\"wpforms-container wpforms-container-full wpforms-block\" id=\"wpforms-4071\"><form id=\"wpforms-form-4071\" class=\"wpforms-validate wpforms-form\" data-formid=\"4071\" method=\"post\" enctype=\"multipart\/form-data\" action=\"\/en\/wp-json\/wp\/v2\/pages\/99?wpforms_form_id=4071\" data-token=\"1dafc9da7df9f90f7388f3fe815b3e39\" data-token-time=\"1777711844\"><noscript class=\"wpforms-error-noscript\">Please enable JavaScript in your browser to complete this form.<\/noscript><div class=\"wpforms-field-container\"><div id=\"wpforms-4071-field_1-container\" class=\"wpforms-field wpforms-field-text\" data-field-id=\"1\"><label class=\"wpforms-field-label\" for=\"wpforms-4071-field_1\">Ime <span class=\"wpforms-required-label\">*<\/span><\/label><input type=\"text\" id=\"wpforms-4071-field_1\" class=\"wpforms-field-medium wpforms-field-required\" name=\"wpforms[fields][1]\" required><\/div><div id=\"wpforms-4071-field_2-container\" class=\"wpforms-field wpforms-field-text\" data-field-id=\"2\"><label class=\"wpforms-field-label\" for=\"wpforms-4071-field_2\">Prezime <span class=\"wpforms-required-label\">*<\/span><\/label><input type=\"text\" id=\"wpforms-4071-field_2\" class=\"wpforms-field-medium wpforms-field-required\" name=\"wpforms[fields][2]\" required><\/div><div id=\"wpforms-4071-field_3-container\" class=\"wpforms-field wpforms-field-text\" data-field-id=\"3\"><label class=\"wpforms-field-label\" for=\"wpforms-4071-field_3\">Broj telefona <span class=\"wpforms-required-label\">*<\/span><\/label><input type=\"text\" id=\"wpforms-4071-field_3\" class=\"wpforms-field-medium wpforms-field-required\" name=\"wpforms[fields][3]\" required><\/div><div id=\"wpforms-4071-field_4-container\" class=\"wpforms-field wpforms-field-text\" data-field-id=\"4\"><label class=\"wpforms-field-label\" for=\"wpforms-4071-field_4\">Organizacija (ako je primjenjivo)<\/label><input type=\"text\" id=\"wpforms-4071-field_4\" class=\"wpforms-field-medium\" name=\"wpforms[fields][4]\" ><\/div><div id=\"wpforms-4071-field_6-container\" class=\"wpforms-field wpforms-field-text\" data-field-id=\"6\"><label class=\"wpforms-field-label\" for=\"wpforms-4071-field_6\">Grad<\/label><input type=\"text\" id=\"wpforms-4071-field_6\" class=\"wpforms-field-medium\" name=\"wpforms[fields][6]\" ><\/div><div id=\"wpforms-4071-field_19-container\" class=\"wpforms-field wpforms-field-email\" data-field-id=\"19\"><label class=\"wpforms-field-label\" for=\"wpforms-4071-field_19\">Email <span class=\"wpforms-required-label\">*<\/span><\/label><input type=\"email\" id=\"wpforms-4071-field_19\" class=\"wpforms-field-medium wpforms-field-required\" name=\"wpforms[fields][19]\" spellcheck=\"false\" required><\/div><div id=\"wpforms-4071-field_10-container\" class=\"wpforms-field wpforms-field-email\" data-field-id=\"10\"><label class=\"wpforms-field-label\" for=\"wpforms-4071-field_10\">Potvrdi e-mail adresu <span class=\"wpforms-required-label\">*<\/span><\/label><input type=\"email\" id=\"wpforms-4071-field_10\" class=\"wpforms-field-medium wpforms-field-required\" name=\"wpforms[fields][10]\" spellcheck=\"false\" required><\/div><div id=\"wpforms-4071-field_12-container\" class=\"wpforms-field wpforms-field-select wpforms-field-select-style-classic\" data-field-id=\"12\"><label class=\"wpforms-field-label\" for=\"wpforms-4071-field_12\">\u017delim ulo\u017eiti pritu\u017ebu na:<\/label><select id=\"wpforms-4071-field_12\" class=\"wpforms-field-medium\" name=\"wpforms[fields][12]\"><option value=\"Televiziju\" >Televiziju<\/option><option value=\"Radio\" >Radio<\/option><option value=\"Elektroni\u010dke publikacije\" >Elektroni\u010dke publikacije<\/option><\/select><\/div><div id=\"wpforms-4071-field_15-container\" class=\"wpforms-field wpforms-field-text\" data-field-id=\"15\"><label class=\"wpforms-field-label\" for=\"wpforms-4071-field_15\">Tema pritu\u017ebe<\/label><input type=\"text\" id=\"wpforms-4071-field_15\" class=\"wpforms-field-medium\" name=\"wpforms[fields][15]\" ><\/div><div id=\"wpforms-4071-field_14-container\" class=\"wpforms-field wpforms-field-textarea\" data-field-id=\"14\"><label class=\"wpforms-field-label\" for=\"wpforms-4071-field_14\">Opis<\/label><textarea id=\"wpforms-4071-field_14\" class=\"wpforms-field-medium\" name=\"wpforms[fields][14]\" ><\/textarea><\/div><div id=\"wpforms-4071-field_20-container\" class=\"wpforms-field wpforms-field-file-upload\" data-field-id=\"20\"><label class=\"wpforms-field-label\" for=\"wpforms-4071-field_20\">Ovdje dodajte sliku (jpg, png)<\/label><div\n\t\tclass=\"wpforms-uploader\"\n\t\tdata-field-id=\"20\"\n\t\tdata-form-id=\"4071\"\n\t\tdata-input-name=\"wpforms_4071_20\"\n\t\tdata-extensions=\"jpg,png\"\n\t\tdata-max-size=\"524288\"\n\t\tdata-max-file-number=\"1\"\n\t\tdata-post-max-size=\"102400000\"\n\t\tdata-max-parallel-uploads=\"4\"\n\t\tdata-parallel-uploads=\"true\"\n\t\tdata-file-chunk-size=\"524288\">\n\t<div class=\"dz-message\">\n\t\t<svg viewBox=\"0 0 1024 1024\" focusable=\"false\" data-icon=\"inbox\" width=\"50px\" height=\"50px\" fill=\"currentColor\" aria-hidden=\"true\">\n\t\t\t<path d=\"M885.2 446.3l-.2-.8-112.2-285.1c-5-16.1-19.9-27.2-36.8-27.2H281.2c-17 0-32.1 11.3-36.9 27.6L139.4 443l-.3.7-.2.8c-1.3 4.9-1.7 9.9-1 14.8-.1 1.6-.2 3.2-.2 4.8V830a60.9 60.9 0 0 0 60.8 60.8h627.2c33.5 0 60.8-27.3 60.9-60.8V464.1c0-1.3 0-2.6-.1-3.7.4-4.9 0-9.6-1.3-14.1zm-295.8-43l-.3 15.7c-.8 44.9-31.8 75.1-77.1 75.1-22.1 0-41.1-7.1-54.8-20.6S436 441.2 435.6 419l-.3-15.7H229.5L309 210h399.2l81.7 193.3H589.4zm-375 76.8h157.3c24.3 57.1 76 90.8 140.4 90.8 33.7 0 65-9.4 90.3-27.2 22.2-15.6 39.5-37.4 50.7-63.6h156.5V814H214.4V480.1z\"><\/path>\n\t\t<\/svg>\n\t\t<span class=\"modern-title\">Click or drag a file to this area to upload.<\/span>\n\n\t\t\t<\/div>\n<\/div>\n<input\n\t\ttype=\"text\"\n\t\tautocomplete=\"off\"\n\t\treadonly\n\t\tclass=\"dropzone-input\"\n\t\tstyle=\"position:absolute!important;clip:rect(0,0,0,0)!important;height:1px!important;width:1px!important;border:0!important;overflow:hidden!important;padding:0!important;margin:0!important;\"\n\t\tid=\"wpforms-4071-field_20\"\n\t\tname=\"wpforms_4071_20\" \t\tvalue=\"\">\n<\/div><\/div><!-- .wpforms-field-container --><div class=\"wpforms-recaptcha-container wpforms-is-recaptcha wpforms-is-recaptcha-type-v2\" ><div class=\"g-recaptcha\" data-sitekey=\"6Ld2LF0oAAAAAER7ziGNNSDgsjLybefDGp8sXVho\"><\/div><input type=\"text\" name=\"g-recaptcha-hidden\" class=\"wpforms-recaptcha-hidden\" style=\"position:absolute!important;clip:rect(0,0,0,0)!important;height:1px!important;width:1px!important;border:0!important;overflow:hidden!important;padding:0!important;margin:0!important;\" data-rule-recaptcha=\"1\"><\/div><div class=\"wpforms-submit-container\" ><input type=\"hidden\" name=\"wpforms[id]\" value=\"4071\"><input type=\"hidden\" name=\"page_title\" value=\"\"><input type=\"hidden\" name=\"page_url\" value=\"https:\/\/aem.hr\/en\/wp-json\/wp\/v2\/pages\/99\"><button type=\"submit\" name=\"wpforms[submit]\" id=\"wpforms-submit-4071\" class=\"wpforms-submit\" data-alt-text=\"\u0160aljem\" data-submit-text=\"Po\u0161aljite\" aria-live=\"assertive\" value=\"wpforms-submit\">Po\u0161aljite<\/button><\/div><\/form><\/div>  <!-- .wpforms-container -->","protected":false},"excerpt":{"rendered":"<p>Ako ste u odre\u0111enom radijskom ili televizijskom programu ili elektroni\u010dkoj publikaciji primijetili potencijalne nepravilnosti ili nezakonitosti, i \u017eelite ulo\u017eiti pritu\u017ebu, koristite ovaj obrazac. Pritu\u017ebu na sadr\u017eaj pru\u017eatelja medijskih usluga mo\u017eete podnijeti putem na\u0161eg elektroni\u010dkog obrasca. Pritu\u017ebe se tako\u0111er mogu podnijeti i u pisanom obliku na adresu: Agencija za elektroni\u010dke medije, Jagi\u0107eva 31, 10 000 Zagreb. [&hellip;]<\/p>\n","protected":false},"author":2,"featured_media":0,"parent":0,"menu_order":0,"comment_status":"closed","ping_status":"closed","template":"","meta":{"_acf_changed":false,"inline_featured_image":false,"advgb_blocks_editor_width":"","advgb_blocks_columns_visual_guide":"","_links_to":"","_links_to_type":0,"footnotes":""},"class_list":["post-99","page","type-page","status-publish","hentry"],"acf":[],"yoast_head":"<!-- This site is optimized with the Yoast SEO plugin v25.7 - https:\/\/yoast.com\/wordpress\/plugins\/seo\/ -->\n<title>Upiti i pritu\u017ebe - Agencija za elektroni\u010dke medije<\/title>\n<meta name=\"robots\" content=\"index, follow, max-snippet:-1, max-image-preview:large, max-video-preview:-1\" \/>\n<link rel=\"canonical\" href=\"https:\/\/aem.hr\/en\/prituzbe-gradana\/\" \/>\n<meta property=\"og:locale\" content=\"en_US\" \/>\n<meta property=\"og:type\" content=\"article\" \/>\n<meta property=\"og:title\" content=\"Upiti i pritu\u017ebe - Agencija za elektroni\u010dke medije\" \/>\n<meta property=\"og:description\" content=\"Ako ste u odre\u0111enom radijskom ili televizijskom programu ili elektroni\u010dkoj publikaciji primijetili potencijalne nepravilnosti ili nezakonitosti, i \u017eelite ulo\u017eiti pritu\u017ebu, koristite ovaj obrazac. Pritu\u017ebu na sadr\u017eaj pru\u017eatelja medijskih usluga mo\u017eete podnijeti putem na\u0161eg elektroni\u010dkog obrasca. Pritu\u017ebe se tako\u0111er mogu podnijeti i u pisanom obliku na adresu: Agencija za elektroni\u010dke medije, Jagi\u0107eva 31, 10 000 Zagreb. [&hellip;]\" \/>\n<meta property=\"og:url\" content=\"https:\/\/aem.hr\/en\/prituzbe-gradana\/\" \/>\n<meta property=\"og:site_name\" content=\"Agencija za elektroni\u010dke medije\" \/>\n<meta property=\"article:modified_time\" content=\"2019-09-23T11:01:14+00:00\" \/>\n<meta name=\"twitter:card\" content=\"summary_large_image\" \/>\n<meta name=\"twitter:label1\" content=\"Est. reading time\" \/>\n\t<meta name=\"twitter:data1\" content=\"1 minute\" \/>\n<script type=\"application\/ld+json\" class=\"yoast-schema-graph\">{\"@context\":\"https:\/\/schema.org\",\"@graph\":[{\"@type\":\"WebPage\",\"@id\":\"https:\/\/aem.hr\/en\/prituzbe-gradana\/\",\"url\":\"https:\/\/aem.hr\/en\/prituzbe-gradana\/\",\"name\":\"Upiti i pritu\u017ebe - Agencija za elektroni\u010dke medije\",\"isPartOf\":{\"@id\":\"https:\/\/aem.hr\/#website\"},\"datePublished\":\"2018-11-02T11:47:15+00:00\",\"dateModified\":\"2019-09-23T11:01:14+00:00\",\"breadcrumb\":{\"@id\":\"https:\/\/aem.hr\/en\/prituzbe-gradana\/#breadcrumb\"},\"inLanguage\":\"en-US\",\"potentialAction\":[{\"@type\":\"ReadAction\",\"target\":[\"https:\/\/aem.hr\/en\/prituzbe-gradana\/\"]}]},{\"@type\":\"BreadcrumbList\",\"@id\":\"https:\/\/aem.hr\/en\/prituzbe-gradana\/#breadcrumb\",\"itemListElement\":[{\"@type\":\"ListItem\",\"position\":1,\"name\":\"Po\u010detna stranica\",\"item\":\"https:\/\/aem.hr\/\"},{\"@type\":\"ListItem\",\"position\":2,\"name\":\"Upiti i pritu\u017ebe\"}]},{\"@type\":\"WebSite\",\"@id\":\"https:\/\/aem.hr\/#website\",\"url\":\"https:\/\/aem.hr\/\",\"name\":\"Agencija za elektroni\u010dke medije\",\"description\":\"\",\"potentialAction\":[{\"@type\":\"SearchAction\",\"target\":{\"@type\":\"EntryPoint\",\"urlTemplate\":\"https:\/\/aem.hr\/?s={search_term_string}\"},\"query-input\":{\"@type\":\"PropertyValueSpecification\",\"valueRequired\":true,\"valueName\":\"search_term_string\"}}],\"inLanguage\":\"en-US\"}]}<\/script>\n<!-- \/ Yoast SEO plugin. -->","yoast_head_json":{"title":"Upiti i pritu\u017ebe - Agencija za elektroni\u010dke medije","robots":{"index":"index","follow":"follow","max-snippet":"max-snippet:-1","max-image-preview":"max-image-preview:large","max-video-preview":"max-video-preview:-1"},"canonical":"https:\/\/aem.hr\/en\/prituzbe-gradana\/","og_locale":"en_US","og_type":"article","og_title":"Upiti i pritu\u017ebe - Agencija za elektroni\u010dke medije","og_description":"Ako ste u odre\u0111enom radijskom ili televizijskom programu ili elektroni\u010dkoj publikaciji primijetili potencijalne nepravilnosti ili nezakonitosti, i \u017eelite ulo\u017eiti pritu\u017ebu, koristite ovaj obrazac. Pritu\u017ebu na sadr\u017eaj pru\u017eatelja medijskih usluga mo\u017eete podnijeti putem na\u0161eg elektroni\u010dkog obrasca. Pritu\u017ebe se tako\u0111er mogu podnijeti i u pisanom obliku na adresu: Agencija za elektroni\u010dke medije, Jagi\u0107eva 31, 10 000 Zagreb. [&hellip;]","og_url":"https:\/\/aem.hr\/en\/prituzbe-gradana\/","og_site_name":"Agencija za elektroni\u010dke medije","article_modified_time":"2019-09-23T11:01:14+00:00","twitter_card":"summary_large_image","twitter_misc":{"Est. reading time":"1 minute"},"schema":{"@context":"https:\/\/schema.org","@graph":[{"@type":"WebPage","@id":"https:\/\/aem.hr\/en\/prituzbe-gradana\/","url":"https:\/\/aem.hr\/en\/prituzbe-gradana\/","name":"Upiti i pritu\u017ebe - Agencija za elektroni\u010dke medije","isPartOf":{"@id":"https:\/\/aem.hr\/#website"},"datePublished":"2018-11-02T11:47:15+00:00","dateModified":"2019-09-23T11:01:14+00:00","breadcrumb":{"@id":"https:\/\/aem.hr\/en\/prituzbe-gradana\/#breadcrumb"},"inLanguage":"en-US","potentialAction":[{"@type":"ReadAction","target":["https:\/\/aem.hr\/en\/prituzbe-gradana\/"]}]},{"@type":"BreadcrumbList","@id":"https:\/\/aem.hr\/en\/prituzbe-gradana\/#breadcrumb","itemListElement":[{"@type":"ListItem","position":1,"name":"Po\u010detna stranica","item":"https:\/\/aem.hr\/"},{"@type":"ListItem","position":2,"name":"Upiti i pritu\u017ebe"}]},{"@type":"WebSite","@id":"https:\/\/aem.hr\/#website","url":"https:\/\/aem.hr\/","name":"Agencija za elektroni\u010dke medije","description":"","potentialAction":[{"@type":"SearchAction","target":{"@type":"EntryPoint","urlTemplate":"https:\/\/aem.hr\/?s={search_term_string}"},"query-input":{"@type":"PropertyValueSpecification","valueRequired":true,"valueName":"search_term_string"}}],"inLanguage":"en-US"}]}},"coauthors":[],"author_meta":{"author_link":"https:\/\/aem.hr\/en\/blog\/author\/stjepan\/","display_name":"stjepan"},"relative_dates":{"created":"Posted 8 years ago","modified":"Updated 7 years ago"},"absolute_dates":{"created":"Posted on 2. November 2018.","modified":"Updated on 23. September 2019."},"absolute_dates_time":{"created":"Posted on 2. November 2018. 12:47","modified":"Updated on 23. September 2019. 13:01"},"featured_img_caption":"","featured_img":false,"series_order":"","_links":{"self":[{"href":"https:\/\/aem.hr\/en\/wp-json\/wp\/v2\/pages\/99","targetHints":{"allow":["GET"]}}],"collection":[{"href":"https:\/\/aem.hr\/en\/wp-json\/wp\/v2\/pages"}],"about":[{"href":"https:\/\/aem.hr\/en\/wp-json\/wp\/v2\/types\/page"}],"author":[{"embeddable":true,"href":"https:\/\/aem.hr\/en\/wp-json\/wp\/v2\/users\/2"}],"replies":[{"embeddable":true,"href":"https:\/\/aem.hr\/en\/wp-json\/wp\/v2\/comments?post=99"}],"version-history":[{"count":7,"href":"https:\/\/aem.hr\/en\/wp-json\/wp\/v2\/pages\/99\/revisions"}],"predecessor-version":[{"id":23114,"href":"https:\/\/aem.hr\/en\/wp-json\/wp\/v2\/pages\/99\/revisions\/23114"}],"wp:attachment":[{"href":"https:\/\/aem.hr\/en\/wp-json\/wp\/v2\/media?parent=99"}],"curies":[{"name":"wp","href":"https:\/\/api.w.org\/{rel}","templated":true}]}}