{"id":995,"date":"2019-01-24T15:19:09","date_gmt":"2019-01-24T14:19:09","guid":{"rendered":"http:\/\/emediji.inspirium.hr\/?page_id=995"},"modified":"2023-10-05T14:51:54","modified_gmt":"2023-10-05T12:51:54","slug":"podzakonski-akti","status":"publish","type":"page","link":"https:\/\/aem.hr\/en\/podzakonski-akti\/","title":{"rendered":"Podzakonski akti"},"content":{"rendered":"<ul>\n<li><a href=\"https:\/\/narodne-novine.nn.hr\/clanci\/sluzbeni\/full\/2022_12_150_2314.html\">Naputak o upisniku pru\u017eatelja medijskih usluga i elektroni\u010dkih publikacija &#8211; objavljen u &#8220;Narodnim novinama&#8221; br. 150\/22 &#8211; stupio na snagu 29.prosinca 2022.<\/a><\/li>\n<li><a href=\"https:\/\/narodne-novine.nn.hr\/clanci\/sluzbeni\/2022_02_22_276.html\">Pravilnik o detaljnim mjerilima i definicijama za odre\u0111ivanje audiovizualnih ili radijskih emisija koje se smatraju vlastitom proizvodnjom &#8211; objavljen u \u201eNarodnim novinama\u201c br. 22\/22\u2013 stupio na snagu 25. o\u017eujka 2022.\u00a0\u00a0<\/a><\/li>\n<li><a href=\"https:\/\/narodne-novine.nn.hr\/clanci\/sluzbeni\/2022_02_22_275.html\">Pravilnik o kriterijima odre\u0111ivanja i ozna\u010davanja repriznih emisija &#8211; objavljen u \u201eNarodnim novinama\u201c br. 22\/22 \u2013 stupio na snagu 25. o\u017eujka 2022.<\/a><\/li>\n<li><a href=\"https:\/\/narodne-novine.nn.hr\/clanci\/sluzbeni\/2022_04_48_611.html\">Pravilnik o kriterijima i na\u010dinu pove\u0107anja opsega udjela europskih djela &#8211; objavljen u \u201eNarodnim novinama\u201c br. 48\/22 &#8211; stupa na snagu \u200e 30. \u200etravnja \u200e2022\u200e.<\/a><\/li>\n<li><a href=\"https:\/\/narodne-novine.nn.hr\/clanci\/sluzbeni\/2022_04_48_610.html\">Pravilnik o uvjetima za upis u Upisnik pru\u017eatelja elektroni\u010dkih publikacija &#8211; objavljen u \u201eNarodnim novinama\u201c br. 48\/22 &#8211; stupa na snagu \u200e22\u200e. \u200esvibnja\u200e \u200e2022\u200e.<\/a><\/li>\n<li><a href=\"https:\/\/narodne-novine.nn.hr\/clanci\/sluzbeni\/2022_07_84_1279.html\">Pravilnik o fondu za poticanje pluralizma i raznovrsnosti elektroni\u010dkih medija \u2013 objavljen u \u201eNarodnim novinama\u201c broj 84\/22 od 20. srpnja 2022., stupio je na snagu 28. srpnja 2022. <\/a><\/li>\n<li><a href=\"https:\/\/narodne-novine.nn.hr\/clanci\/sluzbeni\/2022_07_78_1142.html\">Pravilnik o kriterijima i na\u010dinu pove\u0107anja opsega udjela europskih audiovizualnih djela neovisnih proizvo\u0111a\u010da\u00a0 objavljen u \u201eNarodnim novinama\u201c br. 78\/2022\u00a0 od 6. srpnja 2022., stupio na snagu 14. srpnja 2022<\/a>.<\/li>\n<li><a href=\"https:\/\/narodne-novine.nn.hr\/clanci\/sluzbeni\/2022_08_100_1475.html\">Pravilnik o nagradnim natjecanjima i sudjelovanju gledatelja ili slu\u0161atelja u audiovizualnom ili radijskom programu, objavljen u \u201eNarodnim novinama\u201c broj 100\/22 od 31. kolovoza 2022., stupa na snagu 8. rujna 2022.<\/a><\/li>\n<li><a href=\"https:\/\/narodne-novine.nn.hr\/clanci\/sluzbeni\/2022_09_106_1564.html\">Pravilnik o za\u0161titi maloljetnika u elektroni\u010dkim medijima, objavljen u \u201eNarodnim novinama\u201c broj 106\/2022 od 14. rujna 2022. Stupa na snagu 14\u200e. \u200elistopada\u200e \u200e2022\u200e.<\/a><\/li>\n<li><a href=\"https:\/\/narodne-novine.nn.hr\/clanci\/sluzbeni\/2022_09_107_1583.html\">Naputak o sadr\u017eaju, obliku i na\u010dinu izvje\u0161\u0107ivanja o ostvarenim prihodima pru\u017eatelja medijskih usluga u prethodnoj godini, objavljen u Narodnim novinama br. 107\/22, od 16. rujna 2022, stupa na snagu 24. rujna 2022.<\/a><\/li>\n<li><a href=\"https:\/\/narodne-novine.nn.hr\/clanci\/sluzbeni\/2022_09_106_1565.html\">Pravilnik o na\u010dinu i trajanju ozna\u010davanja programa pod pokroviteljstvom, objavljen u \u201eNarodnim novinama\u201c broj 106\/2022 od 14. rujna 2022. Stupa na snagu 22. listopada 2022.<\/a><\/li>\n<li><a href=\"https:\/\/narodne-novine.nn.hr\/clanci\/sluzbeni\/2022_09_106_1563.html\">Pravilnik o tehni\u010dkim i drugim mjerama kojima se gledatelji obavje\u0161tavaju o plasmanu proizvoda u programima, objavljen u Narodnim novinama broj 106\/2022 od 14. rujna 2022. Stupa na snagu 22. listopada 2022.<\/a><\/li>\n<li><a href=\"https:\/\/narodne-novine.nn.hr\/clanci\/sluzbeni\/2022_09_113_1668.html\">Pravilnik o visini i na\u010dinu pla\u0107anja naknada, objavljen u \u201eNarodnim novinama\u201c broj 113\/2022 od 30. rujna 2022. stupa na snagu 8. listopada 2022.<\/a><\/li>\n<li><a href=\"https:\/\/narodne-novine.nn.hr\/clanci\/sluzbeni\/2015_04_47_932.html\">Pravila o ustupanju neiskori\u0161tenih isklju\u010divih prava &#8211; objavljen u \u201eNarodnim novinama\u201c br. 47\/15 \u2013 stupio na snagu \u200e6\u200e. \u200esvibnja\u200e \u200e2015\u200e.<\/a><\/li>\n<li><a href=\"https:\/\/narodne-novine.nn.hr\/clanci\/sluzbeni\/2022_10_118_1832.html\">Pravilnik o posebnim uvjetima za obavljanje djelatnosti pru\u017eanja medijskih usluga televizije i\/ili radija i vo\u0111enju o\u010devidnika \u2013 objavljen u \u201eNarodnim novinama\u201c br. 118\/22 &#8211; stupa na snagu 20. listopada 2022.<\/a><\/li>\n<li><a href=\"https:\/\/narodne-novine.nn.hr\/clanci\/sluzbeni\/2022_10_118_1831.html\">Pravilnik o sadr\u017eaju i postupku raspisivanja obavijesti o namjeri davanja koncesija za obavljanje djelatnosti pru\u017eanja medijskih usluga televizije i radija \u2013 objavljen u\u00a0 \u201eNarodnim novinama\u201c broj 119\/2022 od 12. listopada 2022., stupa na snagu 11. studenog 2022.<\/a><\/li>\n<li><a href=\"https:\/\/narodne-novine.nn.hr\/eli\/sluzbeni\/2014\/121\/2323\">Pravilnik o visini i na\u010dinu pla\u0107anja naknada &#8211; objavljen u \u201eNarodnim novinama\u201c br. 93\/13 &#8211; stupio na snagu \u200e23\u200e. \u200elistopada\u200e \u200e2014\u200e.<\/a><\/li>\n<li><a href=\"https:\/\/narodne-novine.nn.hr\/eli\/sluzbeni\/2010\/46\/1158\">Pravila za ostvarivanje prava na ispravak u programima pru\u017eatelja audio i audiovizualnih medijskih usluga &#8211; objavljen u \u201eNarodnim novinama\u201c br. 46\/10 &#8211; stupio na snagu \u200e24\u200e. \u200etravnja\u200e \u200e2010\u200e.<\/a><\/li>\n<li><a href=\"https:\/\/narodne-novine.nn.hr\/clanci\/sluzbeni\/2023_01_3_56.html\">Pravilnik o hrvatskim audiovizualnim djelima, objavljen u \u201eNarodnim novinama\u201c broj 3\/23, stupio na snagu 13. sije\u010dnja 2023.<\/a><\/li>\n<li><a href=\"https:\/\/narodne-novine.nn.hr\/clanci\/sluzbeni\/2023_02_17_299.html\">Popis zna\u010dajnih doga\u0111aja \u2013 objavljen u \u201eNarodnim novinama\u201c 17\/23 \u2013 stupa na snagu 22. velja\u010de 2023.<\/a><\/li>\n<li><a href=\"https:\/\/aem.hr\/wp-content\/uploads\/2019\/03\/Pravila_o_odvajanju_radijskog_oglasavanja_od_urednickog_sadrzaja_824.pdf\">Pravila o odvajanju radijskog ogla\u0161avanja od uredni\u010dkog sadr\u017eaja &#8211; primjenjuju se\u00a0 od 01. o\u017eujka 2013.<\/a><\/li>\n<li><a href=\"https:\/\/aem.hr\/wp-content\/uploads\/2020\/09\/IZMJENE-PROGRAMA-DODJELE-SREDSTAVA_2023_FINAL.pdf\">Program dodjele sredstava Fonda za poticanje pluralizma i raznovrsnosti elektroni\u010dkih medija (-produljenje va\u017eenja programa do 31. prosinca 2023.)<\/a><\/li>\n<li><a href=\"https:\/\/aem.hr\/wp-content\/uploads\/2023\/10\/Program-dodjele-sredstava-Fonda-za-poticanje-pluralizma-i-raznovrsnosti-elektronickih-medija-za-razdoblje-2024-2026.pdf\">Program dodjele sredstava Fonda za poticanje pluralizma i raznovrsnosti elektroni\u010dkih medija za razdoblje 2024-2026<\/a> &#8211; PRIMJENJUJE SE OD 1.1.2024. &#8211; 31.12.2026.<\/li>\n<\/ul>\n","protected":false},"excerpt":{"rendered":"<p>Naputak o upisniku pru\u017eatelja medijskih usluga i elektroni\u010dkih publikacija &#8211; objavljen u &#8220;Narodnim novinama&#8221; br. 150\/22 &#8211; stupio na snagu 29.prosinca 2022. Pravilnik o detaljnim mjerilima i definicijama za odre\u0111ivanje audiovizualnih ili radijskih emisija koje se smatraju vlastitom proizvodnjom &#8211; objavljen u \u201eNarodnim novinama\u201c br. 22\/22\u2013 stupio na snagu 25. o\u017eujka 2022.\u00a0\u00a0 Pravilnik o kriterijima [&hellip;]<\/p>\n","protected":false},"author":18,"featured_media":0,"parent":0,"menu_order":0,"comment_status":"closed","ping_status":"closed","template":"","meta":{"_acf_changed":false,"inline_featured_image":false,"advgb_blocks_editor_width":"","advgb_blocks_columns_visual_guide":"","_links_to":"","_links_to_type":0,"footnotes":""},"class_list":["post-995","page","type-page","status-publish","hentry"],"acf":[],"yoast_head":"<!-- This site is optimized with the Yoast SEO plugin v25.7 - https:\/\/yoast.com\/wordpress\/plugins\/seo\/ -->\n<title>Podzakonski akti - Agencija za elektroni\u010dke medije<\/title>\n<meta name=\"robots\" content=\"index, follow, max-snippet:-1, max-image-preview:large, max-video-preview:-1\" \/>\n<link rel=\"canonical\" href=\"https:\/\/aem.hr\/podzakonski-akti\/\" \/>\n<meta property=\"og:locale\" content=\"en_US\" \/>\n<meta property=\"og:type\" content=\"article\" \/>\n<meta property=\"og:title\" content=\"Podzakonski akti - Agencija za elektroni\u010dke medije\" \/>\n<meta property=\"og:description\" content=\"Naputak o upisniku pru\u017eatelja medijskih usluga i elektroni\u010dkih publikacija &#8211; objavljen u &#8220;Narodnim novinama&#8221; br. 150\/22 &#8211; stupio na snagu 29.prosinca 2022. Pravilnik o detaljnim mjerilima i definicijama za odre\u0111ivanje audiovizualnih ili radijskih emisija koje se smatraju vlastitom proizvodnjom &#8211; objavljen u \u201eNarodnim novinama\u201c br. 22\/22\u2013 stupio na snagu 25. o\u017eujka 2022.\u00a0\u00a0 Pravilnik o kriterijima [&hellip;]\" \/>\n<meta property=\"og:url\" content=\"https:\/\/aem.hr\/podzakonski-akti\/\" \/>\n<meta property=\"og:site_name\" content=\"Agencija za elektroni\u010dke medije\" \/>\n<meta property=\"article:modified_time\" content=\"2023-10-05T12:51:54+00:00\" \/>\n<meta name=\"twitter:card\" content=\"summary_large_image\" \/>\n<meta name=\"twitter:label1\" content=\"Est. reading time\" \/>\n\t<meta name=\"twitter:data1\" content=\"3 minutes\" \/>\n<script type=\"application\/ld+json\" class=\"yoast-schema-graph\">{\"@context\":\"https:\/\/schema.org\",\"@graph\":[{\"@type\":\"WebPage\",\"@id\":\"https:\/\/aem.hr\/podzakonski-akti\/\",\"url\":\"https:\/\/aem.hr\/podzakonski-akti\/\",\"name\":\"Podzakonski akti - Agencija za elektroni\u010dke medije\",\"isPartOf\":{\"@id\":\"https:\/\/aem.hr\/#website\"},\"datePublished\":\"2019-01-24T14:19:09+00:00\",\"dateModified\":\"2023-10-05T12:51:54+00:00\",\"breadcrumb\":{\"@id\":\"https:\/\/aem.hr\/podzakonski-akti\/#breadcrumb\"},\"inLanguage\":\"en-US\",\"potentialAction\":[{\"@type\":\"ReadAction\",\"target\":[\"https:\/\/aem.hr\/podzakonski-akti\/\"]}]},{\"@type\":\"BreadcrumbList\",\"@id\":\"https:\/\/aem.hr\/podzakonski-akti\/#breadcrumb\",\"itemListElement\":[{\"@type\":\"ListItem\",\"position\":1,\"name\":\"Po\u010detna stranica\",\"item\":\"https:\/\/aem.hr\/\"},{\"@type\":\"ListItem\",\"position\":2,\"name\":\"Podzakonski akti\"}]},{\"@type\":\"WebSite\",\"@id\":\"https:\/\/aem.hr\/#website\",\"url\":\"https:\/\/aem.hr\/\",\"name\":\"Agencija za elektroni\u010dke medije\",\"description\":\"\",\"potentialAction\":[{\"@type\":\"SearchAction\",\"target\":{\"@type\":\"EntryPoint\",\"urlTemplate\":\"https:\/\/aem.hr\/?s={search_term_string}\"},\"query-input\":{\"@type\":\"PropertyValueSpecification\",\"valueRequired\":true,\"valueName\":\"search_term_string\"}}],\"inLanguage\":\"en-US\"}]}<\/script>\n<!-- \/ Yoast SEO plugin. -->","yoast_head_json":{"title":"Podzakonski akti - Agencija za elektroni\u010dke medije","robots":{"index":"index","follow":"follow","max-snippet":"max-snippet:-1","max-image-preview":"max-image-preview:large","max-video-preview":"max-video-preview:-1"},"canonical":"https:\/\/aem.hr\/podzakonski-akti\/","og_locale":"en_US","og_type":"article","og_title":"Podzakonski akti - Agencija za elektroni\u010dke medije","og_description":"Naputak o upisniku pru\u017eatelja medijskih usluga i elektroni\u010dkih publikacija &#8211; objavljen u &#8220;Narodnim novinama&#8221; br. 150\/22 &#8211; stupio na snagu 29.prosinca 2022. Pravilnik o detaljnim mjerilima i definicijama za odre\u0111ivanje audiovizualnih ili radijskih emisija koje se smatraju vlastitom proizvodnjom &#8211; objavljen u \u201eNarodnim novinama\u201c br. 22\/22\u2013 stupio na snagu 25. o\u017eujka 2022.\u00a0\u00a0 Pravilnik o kriterijima [&hellip;]","og_url":"https:\/\/aem.hr\/podzakonski-akti\/","og_site_name":"Agencija za elektroni\u010dke medije","article_modified_time":"2023-10-05T12:51:54+00:00","twitter_card":"summary_large_image","twitter_misc":{"Est. reading time":"3 minutes"},"schema":{"@context":"https:\/\/schema.org","@graph":[{"@type":"WebPage","@id":"https:\/\/aem.hr\/podzakonski-akti\/","url":"https:\/\/aem.hr\/podzakonski-akti\/","name":"Podzakonski akti - Agencija za elektroni\u010dke medije","isPartOf":{"@id":"https:\/\/aem.hr\/#website"},"datePublished":"2019-01-24T14:19:09+00:00","dateModified":"2023-10-05T12:51:54+00:00","breadcrumb":{"@id":"https:\/\/aem.hr\/podzakonski-akti\/#breadcrumb"},"inLanguage":"en-US","potentialAction":[{"@type":"ReadAction","target":["https:\/\/aem.hr\/podzakonski-akti\/"]}]},{"@type":"BreadcrumbList","@id":"https:\/\/aem.hr\/podzakonski-akti\/#breadcrumb","itemListElement":[{"@type":"ListItem","position":1,"name":"Po\u010detna stranica","item":"https:\/\/aem.hr\/"},{"@type":"ListItem","position":2,"name":"Podzakonski akti"}]},{"@type":"WebSite","@id":"https:\/\/aem.hr\/#website","url":"https:\/\/aem.hr\/","name":"Agencija za elektroni\u010dke medije","description":"","potentialAction":[{"@type":"SearchAction","target":{"@type":"EntryPoint","urlTemplate":"https:\/\/aem.hr\/?s={search_term_string}"},"query-input":{"@type":"PropertyValueSpecification","valueRequired":true,"valueName":"search_term_string"}}],"inLanguage":"en-US"}]}},"coauthors":[],"author_meta":{"author_link":"https:\/\/aem.hr\/en\/blog\/author\/mkirac\/","display_name":"Matko Kirac"},"relative_dates":{"created":"Posted 7 years ago","modified":"Updated 3 years ago"},"absolute_dates":{"created":"Posted on 24. January 2019.","modified":"Updated on 5. October 2023."},"absolute_dates_time":{"created":"Posted on 24. January 2019. 15:19","modified":"Updated on 5. October 2023. 14:51"},"featured_img_caption":"","featured_img":false,"series_order":"","_links":{"self":[{"href":"https:\/\/aem.hr\/en\/wp-json\/wp\/v2\/pages\/995","targetHints":{"allow":["GET"]}}],"collection":[{"href":"https:\/\/aem.hr\/en\/wp-json\/wp\/v2\/pages"}],"about":[{"href":"https:\/\/aem.hr\/en\/wp-json\/wp\/v2\/types\/page"}],"author":[{"embeddable":true,"href":"https:\/\/aem.hr\/en\/wp-json\/wp\/v2\/users\/18"}],"replies":[{"embeddable":true,"href":"https:\/\/aem.hr\/en\/wp-json\/wp\/v2\/comments?post=995"}],"version-history":[{"count":36,"href":"https:\/\/aem.hr\/en\/wp-json\/wp\/v2\/pages\/995\/revisions"}],"predecessor-version":[{"id":17017,"href":"https:\/\/aem.hr\/en\/wp-json\/wp\/v2\/pages\/995\/revisions\/17017"}],"wp:attachment":[{"href":"https:\/\/aem.hr\/en\/wp-json\/wp\/v2\/media?parent=995"}],"curies":[{"name":"wp","href":"https:\/\/api.w.org\/{rel}","templated":true}]}}